{"id":12653,"date":"2022-10-17T08:48:29","date_gmt":"2022-10-17T08:48:29","guid":{"rendered":"https:\/\/www.smilinggecko.de\/?page_id=12653"},"modified":"2024-11-06T17:09:59","modified_gmt":"2024-11-06T17:09:59","slug":"spenden-usa","status":"publish","type":"page","link":"https:\/\/www.smilinggecko.de\/de\/spenden-usa\/","title":{"rendered":"Spenden USA"},"content":{"rendered":"\t\t<div data-elementor-type=\"wp-page\" data-elementor-id=\"12653\" class=\"elementor elementor-12653\">\n\t\t\t\t\t\t<div class=\"elementor-inner\">\n\t\t\t\t<div class=\"elementor-section-wrap\">\n\t\t\t\t\t\t\t\t\t<section class=\"elementor-section elementor-top-section elementor-element elementor-element-d376d33 elementor-section-boxed elementor-section-height-default elementor-section-height-default\" data-id=\"d376d33\" data-element_type=\"section\">\n\t\t\t\t\t\t<div class=\"elementor-container elementor-column-gap-default\">\n\t\t\t\t\t\t\t<div class=\"elementor-row\">\n\t\t\t\t\t<div class=\"elementor-column elementor-col-100 elementor-top-column elementor-element elementor-element-a6c999b\" data-id=\"a6c999b\" data-element_type=\"column\">\n\t\t\t<div class=\"elementor-column-wrap elementor-element-populated\">\n\t\t\t\t\t\t\t<div class=\"elementor-widget-wrap\">\n\t\t\t\t\t\t<div class=\"elementor-element elementor-element-15f21f2 elementor-widget elementor-widget-text-editor\" data-id=\"15f21f2\" data-element_type=\"widget\" data-widget_type=\"text-editor.default\">\n\t\t\t\t<div class=\"elementor-widget-container\">\n\t\t\t        <div class=\"elementor-text-editor elementor-clearfix\"><p>Spenden<\/p><\/div>\n        \t\t<\/div>\n\t\t\t\t<\/div>\n\t\t\t\t<div class=\"elementor-element elementor-element-21dfd34 elementor-widget elementor-widget-heading\" data-id=\"21dfd34\" data-element_type=\"widget\" data-widget_type=\"heading.default\">\n\t\t\t\t<div class=\"elementor-widget-container\">\n\t\t\t<h1 class=\"elementor-heading-title elementor-size-default\">WENN SIE AUS DEN USA SPENDEN M\u00d6CHTEN\u200b<\/h1>\t\t<\/div>\n\t\t\t\t<\/div>\n\t\t\t\t\t\t<\/div>\n\t\t\t\t\t<\/div>\n\t\t<\/div>\n\t\t\t\t\t\t\t\t<\/div>\n\t\t\t\t\t<\/div>\n\t\t<\/section>\n\t\t\t\t<section class=\"elementor-section elementor-top-section elementor-element elementor-element-d5fc7fd elementor-section-boxed elementor-section-height-default elementor-section-height-default\" data-id=\"d5fc7fd\" data-element_type=\"section\">\n\t\t\t\t\t\t<div class=\"elementor-container elementor-column-gap-default\">\n\t\t\t\t\t\t\t<div class=\"elementor-row\">\n\t\t\t\t\t<div class=\"elementor-column elementor-col-100 elementor-top-column elementor-element elementor-element-2e1707a\" data-id=\"2e1707a\" data-element_type=\"column\">\n\t\t\t<div class=\"elementor-column-wrap elementor-element-populated\">\n\t\t\t\t\t\t\t<div class=\"elementor-widget-wrap\">\n\t\t\t\t\t\t<div class=\"elementor-element elementor-element-3944136 elementor-widget elementor-widget-spacer\" data-id=\"3944136\" data-element_type=\"widget\" data-widget_type=\"spacer.default\">\n\t\t\t\t<div class=\"elementor-widget-container\">\n\t\t\t\t\t<div class=\"elementor-spacer\">\n\t\t\t<div class=\"elementor-spacer-inner\"><\/div>\n\t\t<\/div>\n\t\t\t\t<\/div>\n\t\t\t\t<\/div>\n\t\t\t\t<div class=\"elementor-element elementor-element-2be5c74 elementor-widget elementor-widget-text-editor\" data-id=\"2be5c74\" data-element_type=\"widget\" data-widget_type=\"text-editor.default\">\n\t\t\t\t<div class=\"elementor-widget-container\">\n\t\t\t        <div class=\"elementor-text-editor elementor-clearfix\"><p>Die Wege, wie sie Smiling Gecko unterst\u00fctzen k\u00f6nnen, sind so vielf\u00e4ltig wie die Bed\u00fcrfnisse, mit denen wir Tag f\u00fcr Tag in Kambodscha konfrontiert werden.<\/p><p><span style=\"font-size: 17px;\">Auch Jahrzehnte nach dem Ende des B\u00fcrgerkriegs leben weite Teile der Bev\u00f6lkerung in bitterster Armut. Wir sind \u00fcberzeugt, dass es mit Bildung einen Weg aus dieser Armut gibt. Wir freuen uns, wie sie mit ihrer Spende oder ihrem Verm\u00e4chtnis bei der Vermittlung dieser Bildung helfen.<\/span><\/p><\/div>\n        \t\t<\/div>\n\t\t\t\t<\/div>\n\t\t\t\t\t\t<\/div>\n\t\t\t\t\t<\/div>\n\t\t<\/div>\n\t\t\t\t\t\t\t\t<\/div>\n\t\t\t\t\t<\/div>\n\t\t<\/section>\n\t\t\t\t<section class=\"elementor-section elementor-top-section elementor-element elementor-element-70982ee elementor-section-boxed elementor-section-height-default elementor-section-height-default\" data-id=\"70982ee\" data-element_type=\"section\">\n\t\t\t\t\t\t<div class=\"elementor-container elementor-column-gap-default\">\n\t\t\t\t\t\t\t<div class=\"elementor-row\">\n\t\t\t\t\t<div class=\"elementor-column elementor-col-100 elementor-top-column elementor-element elementor-element-1ee39cb\" data-id=\"1ee39cb\" data-element_type=\"column\">\n\t\t\t<div class=\"elementor-column-wrap elementor-element-populated\">\n\t\t\t\t\t\t\t<div class=\"elementor-widget-wrap\">\n\t\t\t\t\t\t<div class=\"elementor-element elementor-element-c3d7692 elementor-widget elementor-widget-text-editor\" data-id=\"c3d7692\" data-element_type=\"widget\" data-widget_type=\"text-editor.default\">\n\t\t\t\t<div class=\"elementor-widget-container\">\n\t\t\t        <div class=\"elementor-text-editor elementor-clearfix\"><p>SMILING GECKO USA bei der JPMorgan Chase Bank<\/p><\/div>\n        \t\t<\/div>\n\t\t\t\t<\/div>\n\t\t\t\t<div class=\"elementor-element elementor-element-76eb541 elementor-widget elementor-widget-text-editor\" data-id=\"76eb541\" data-element_type=\"widget\" data-widget_type=\"text-editor.default\">\n\t\t\t\t<div class=\"elementor-widget-container\">\n\t\t\t        <div class=\"elementor-text-editor elementor-clearfix\"><p>Bank Adresse: JPMorgan Chase Bank NA 1111,\u00a0Polaris Parkway, Columbus, OH 43240<br \/>Chase account:\u00a0782286509<br \/>Tax ID: 47-5490754<\/p><p>Smiling Gecko USA INC<br \/>115 Sutton Street<br \/>Brooklyn, NY 11222<br \/>USA<\/p><\/div>\n        \t\t<\/div>\n\t\t\t\t<\/div>\n\t\t\t\t\t\t<\/div>\n\t\t\t\t\t<\/div>\n\t\t<\/div>\n\t\t\t\t\t\t\t\t<\/div>\n\t\t\t\t\t<\/div>\n\t\t<\/section>\n\t\t\t\t\t\t\t\t\t<\/div>\n\t\t\t<\/div>\n\t\t\t\t\t<\/div>\n\t\t","protected":false},"excerpt":{"rendered":"<p>Spenden WENN SIE AUS DEN USA SPENDEN M\u00d6CHTEN\u200b Die Wege, wie sie Smiling Gecko unterst\u00fctzen k\u00f6nnen, sind so vielf\u00e4ltig wie die Bed\u00fcrfnisse, mit denen wir Tag f\u00fcr Tag in Kambodscha konfrontiert werden. Auch Jahrzehnte nach dem Ende des B\u00fcrgerkriegs leben weite Teile der Bev\u00f6lkerung in bitterster Armut. Wir sind \u00fcberzeugt, dass es mit Bildung einen &hellip; <span class=\"more-link-wrap\"><a href=\"https:\/\/www.smilinggecko.de\/de\/spenden-usa\/\" class=\"more-link\">Read More <span class=\"screen-reader-text\"> &#8222;Spenden USA&#8220;<\/span><\/a><\/span><\/p>\n","protected":false},"author":3,"featured_media":0,"parent":0,"menu_order":0,"comment_status":"closed","ping_status":"closed","template":"","meta":{"om_disable_all_campaigns":false,"inline_featured_image":false,"_monsterinsights_skip_tracking":false,"_monsterinsights_sitenote_active":false,"_monsterinsights_sitenote_note":"","_monsterinsights_sitenote_category":0,"footnotes":""},"class_list":["post-12653","page","type-page","status-publish","hentry"],"acf":[],"aioseo_notices":[],"_links":{"self":[{"href":"https:\/\/www.smilinggecko.de\/de\/wp-json\/wp\/v2\/pages\/12653","targetHints":{"allow":["GET"]}}],"collection":[{"href":"https:\/\/www.smilinggecko.de\/de\/wp-json\/wp\/v2\/pages"}],"about":[{"href":"https:\/\/www.smilinggecko.de\/de\/wp-json\/wp\/v2\/types\/page"}],"author":[{"embeddable":true,"href":"https:\/\/www.smilinggecko.de\/de\/wp-json\/wp\/v2\/users\/3"}],"replies":[{"embeddable":true,"href":"https:\/\/www.smilinggecko.de\/de\/wp-json\/wp\/v2\/comments?post=12653"}],"version-history":[{"count":16,"href":"https:\/\/www.smilinggecko.de\/de\/wp-json\/wp\/v2\/pages\/12653\/revisions"}],"predecessor-version":[{"id":14547,"href":"https:\/\/www.smilinggecko.de\/de\/wp-json\/wp\/v2\/pages\/12653\/revisions\/14547"}],"wp:attachment":[{"href":"https:\/\/www.smilinggecko.de\/de\/wp-json\/wp\/v2\/media?parent=12653"}],"curies":[{"name":"wp","href":"https:\/\/api.w.org\/{rel}","templated":true}]}}