{"id":12988,"date":"2022-12-05T14:06:49","date_gmt":"2022-12-05T14:06:49","guid":{"rendered":"https:\/\/www.smilinggecko.de\/?page_id=12988"},"modified":"2025-08-14T07:20:49","modified_gmt":"2025-08-14T07:20:49","slug":"vortraege-besuchen","status":"publish","type":"page","link":"https:\/\/www.smilinggecko.de\/de\/vortraege-besuchen\/","title":{"rendered":"Vortr\u00e4ge besuchen"},"content":{"rendered":"\t\t<div data-elementor-type=\"wp-page\" data-elementor-id=\"12988\" class=\"elementor elementor-12988\">\n\t\t\t\t\t\t<div class=\"elementor-inner\">\n\t\t\t\t<div class=\"elementor-section-wrap\">\n\t\t\t\t\t\t\t\t\t<section class=\"elementor-section elementor-top-section elementor-element elementor-element-9381ea1 elementor-section-boxed elementor-section-height-default elementor-section-height-default\" data-id=\"9381ea1\" data-element_type=\"section\">\n\t\t\t\t\t\t<div class=\"elementor-container elementor-column-gap-default\">\n\t\t\t\t\t\t\t<div class=\"elementor-row\">\n\t\t\t\t\t<div class=\"elementor-column elementor-col-100 elementor-top-column elementor-element elementor-element-9210c5c\" data-id=\"9210c5c\" data-element_type=\"column\">\n\t\t\t<div class=\"elementor-column-wrap elementor-element-populated\">\n\t\t\t\t\t\t\t<div class=\"elementor-widget-wrap\">\n\t\t\t\t\t\t<div class=\"elementor-element elementor-element-d24a44b elementor-widget elementor-widget-text-editor\" data-id=\"d24a44b\" data-element_type=\"widget\" data-widget_type=\"text-editor.default\">\n\t\t\t\t<div class=\"elementor-widget-container\">\n\t\t\t        <div class=\"elementor-text-editor elementor-clearfix\"><p>Hannes Schmid live<\/p><\/div>\n        \t\t<\/div>\n\t\t\t\t<\/div>\n\t\t\t\t<div class=\"elementor-element elementor-element-5fa6a09 elementor-widget elementor-widget-heading\" data-id=\"5fa6a09\" data-element_type=\"widget\" data-widget_type=\"heading.default\">\n\t\t\t\t<div class=\"elementor-widget-container\">\n\t\t\t<h2 class=\"elementor-heading-title elementor-size-default\">Erleben Sie unseren Gr\u00fcnder auf der B\u00fchne<\/h2>\t\t<\/div>\n\t\t\t\t<\/div>\n\t\t\t\t<div class=\"elementor-element elementor-element-e015c6d elementor-widget elementor-widget-text-editor\" data-id=\"e015c6d\" data-element_type=\"widget\" data-widget_type=\"text-editor.default\">\n\t\t\t\t<div class=\"elementor-widget-container\">\n\t\t\t        <div class=\"elementor-text-editor elementor-clearfix\">Hannes Schmid \u00fcber sein Herzensprojekt Smiling Gecko sprechen zu h\u00f6ren, ist ein echtes Erlebnis. Am\u00fcsant, anr\u00fchrend und vor allem sehr motivierend, berichtet er dar\u00fcber, mit welchen kleinen und grossen Herausforderungen er und das Team seit der Gr\u00fcndung der NGO fertig werden mussten und tagt\u00e4glich fertig werden m\u00fcssen. Sie d\u00fcrfen sicher sein: Es sind unz\u00e4hlige! <\/div>\n        \t\t<\/div>\n\t\t\t\t<\/div>\n\t\t\t\t<div class=\"elementor-element elementor-element-d0956e0 elementor-widget elementor-widget-text-editor\" data-id=\"d0956e0\" data-element_type=\"widget\" data-widget_type=\"text-editor.default\">\n\t\t\t\t<div class=\"elementor-widget-container\">\n\t\t\t        <div class=\"elementor-text-editor elementor-clearfix\">In unseren Social-Media-Kan\u00e4len sowie im Newsfeed dieser Webseite informieren wir Sie regelm\u00e4ssig, wenn wieder mal die Chance besteht, Hannes live zu erleben. Dar\u00fcber hinaus besteht die M\u00f6glichkeit, Hannes f\u00fcr Ihre eigene Unternehmens- oder Hochschulveranstaltung als Keynote Speaker zu buchen. Weiterf\u00fchrende Informationen hierzu finden Sie in diesem PDF (in englischer Sprache.)<\/div>\n        \t\t<\/div>\n\t\t\t\t<\/div>\n\t\t\t\t\t\t<\/div>\n\t\t\t\t\t<\/div>\n\t\t<\/div>\n\t\t\t\t\t\t\t\t<\/div>\n\t\t\t\t\t<\/div>\n\t\t<\/section>\n\t\t\t\t<section class=\"elementor-section elementor-top-section elementor-element elementor-element-b22dd23 elementor-section-boxed elementor-section-height-default elementor-section-height-default\" data-id=\"b22dd23\" data-element_type=\"section\">\n\t\t\t\t\t\t<div class=\"elementor-container elementor-column-gap-default\">\n\t\t\t\t\t\t\t<div class=\"elementor-row\">\n\t\t\t\t\t<div class=\"elementor-column elementor-col-100 elementor-top-column elementor-element elementor-element-dd57b07\" data-id=\"dd57b07\" data-element_type=\"column\">\n\t\t\t<div class=\"elementor-column-wrap elementor-element-populated\">\n\t\t\t\t\t\t\t<div class=\"elementor-widget-wrap\">\n\t\t\t\t\t\t<div class=\"elementor-element elementor-element-16f7574 elementor-widget elementor-widget-image\" data-id=\"16f7574\" data-element_type=\"widget\" data-widget_type=\"image.default\">\n\t\t\t\t<div class=\"elementor-widget-container\">\n\t\t\t\t\t\t\t\t<div class=\"elementor-image\">\n\t\t\t\t\t\t\t\t\t\t\t\t\t<a href=\"https:\/\/www.smilinggecko.de\/wp-content\/uploads\/2022\/12\/Fail_Better\u2013Hannes_Schmid.pdf\" target=\"_blank\">\n\t\t\t\t\t\t\t<img loading=\"lazy\" decoding=\"async\" width=\"1900\" height=\"1115\" src=\"https:\/\/www.smilinggecko.de\/wp-content\/uploads\/2022\/12\/Fail_Better\u2013Hannes_Schmid.jpg\" class=\"attachment-2048x2048 size-2048x2048\" alt=\"\" srcset=\"https:\/\/www.smilinggecko.de\/wp-content\/uploads\/2022\/12\/Fail_Better\u2013Hannes_Schmid.jpg 1900w, https:\/\/www.smilinggecko.de\/wp-content\/uploads\/2022\/12\/Fail_Better\u2013Hannes_Schmid-300x176.jpg 300w, https:\/\/www.smilinggecko.de\/wp-content\/uploads\/2022\/12\/Fail_Better\u2013Hannes_Schmid-1024x601.jpg 1024w, https:\/\/www.smilinggecko.de\/wp-content\/uploads\/2022\/12\/Fail_Better\u2013Hannes_Schmid-768x451.jpg 768w, https:\/\/www.smilinggecko.de\/wp-content\/uploads\/2022\/12\/Fail_Better\u2013Hannes_Schmid-1536x901.jpg 1536w, https:\/\/www.smilinggecko.de\/wp-content\/uploads\/2022\/12\/Fail_Better\u2013Hannes_Schmid-400x235.jpg 400w\" sizes=\"auto, (max-width: 1900px) 100vw, 1900px\" \/>\t\t\t\t\t\t\t\t<\/a>\n\t\t\t\t\t\t\t\t\t\t\t\t\t\t<\/div>\n\t\t\t\t\t\t<\/div>\n\t\t\t\t<\/div>\n\t\t\t\t\t\t<\/div>\n\t\t\t\t\t<\/div>\n\t\t<\/div>\n\t\t\t\t\t\t\t\t<\/div>\n\t\t\t\t\t<\/div>\n\t\t<\/section>\n\t\t\t\t<section class=\"elementor-section elementor-top-section elementor-element elementor-element-8a42de7 elementor-section-boxed elementor-section-height-default elementor-section-height-default\" data-id=\"8a42de7\" data-element_type=\"section\">\n\t\t\t\t\t\t<div class=\"elementor-container elementor-column-gap-default\">\n\t\t\t\t\t\t\t<div class=\"elementor-row\">\n\t\t\t\t\t<div class=\"elementor-column elementor-col-100 elementor-top-column elementor-element elementor-element-d863e45\" data-id=\"d863e45\" data-element_type=\"column\">\n\t\t\t<div class=\"elementor-column-wrap elementor-element-populated\">\n\t\t\t\t\t\t\t<div class=\"elementor-widget-wrap\">\n\t\t\t\t\t\t<div class=\"elementor-element elementor-element-77a4d82 elementor-align-center elementor-widget elementor-widget-heading\" data-id=\"77a4d82\" data-element_type=\"widget\" data-widget_type=\"heading.default\">\n\t\t\t\t<div class=\"elementor-widget-container\">\n\t\t\t<h5 class=\"elementor-heading-title elementor-size-default\">\u00abFail better\u00bb<\/h5>\t\t<\/div>\n\t\t\t\t<\/div>\n\t\t\t\t<div class=\"elementor-element elementor-element-b790b7f elementor-widget elementor-widget-text-editor\" data-id=\"b790b7f\" data-element_type=\"widget\" data-widget_type=\"text-editor.default\">\n\t\t\t\t<div class=\"elementor-widget-container\">\n\t\t\t        <div class=\"elementor-text-editor elementor-clearfix\"><p style=\"text-align: center;\"><a href=\"https:\/\/www.smilinggecko.de\/wp-content\/uploads\/2025\/08\/Fail_Better\u2013Hannes_Schmid.pdf\" target=\"_blank\" rel=\"noopener\">Download \u2013 englische Version<\/a><\/p><\/div>\n        \t\t<\/div>\n\t\t\t\t<\/div>\n\t\t\t\t\t\t<\/div>\n\t\t\t\t\t<\/div>\n\t\t<\/div>\n\t\t\t\t\t\t\t\t<\/div>\n\t\t\t\t\t<\/div>\n\t\t<\/section>\n\t\t\t\t<section class=\"elementor-section elementor-top-section elementor-element elementor-element-c5bb06f elementor-section-boxed elementor-section-height-default elementor-section-height-default\" data-id=\"c5bb06f\" data-element_type=\"section\">\n\t\t\t\t\t\t<div class=\"elementor-container elementor-column-gap-default\">\n\t\t\t\t\t\t\t<div class=\"elementor-row\">\n\t\t\t\t\t<div class=\"elementor-column elementor-col-100 elementor-top-column elementor-element elementor-element-6eb33da\" data-id=\"6eb33da\" data-element_type=\"column\">\n\t\t\t<div class=\"elementor-column-wrap elementor-element-populated\">\n\t\t\t\t\t\t\t<div class=\"elementor-widget-wrap\">\n\t\t\t\t\t\t<div class=\"elementor-element elementor-element-ccb636a elementor-widget elementor-widget-text-editor\" data-id=\"ccb636a\" data-element_type=\"widget\" data-widget_type=\"text-editor.default\">\n\t\t\t\t<div class=\"elementor-widget-container\">\n\t\t\t        <div class=\"elementor-text-editor elementor-clearfix\"><p>F\u00fcr Buchungen steht Ihnen Thomas Hemschemeier gerne zur Verf\u00fcgung.<br \/>Telefon: +41 44 321 67 70, E-Mail: <a href=\"mailto:hemschemeier@smilinggecko.ch\">hemschemeier(at)smilinggecko.ch<\/a><\/p><\/div>\n        \t\t<\/div>\n\t\t\t\t<\/div>\n\t\t\t\t\t\t<\/div>\n\t\t\t\t\t<\/div>\n\t\t<\/div>\n\t\t\t\t\t\t\t\t<\/div>\n\t\t\t\t\t<\/div>\n\t\t<\/section>\n\t\t\t\t\t\t\t\t\t<\/div>\n\t\t\t<\/div>\n\t\t\t\t\t<\/div>\n\t\t","protected":false},"excerpt":{"rendered":"<p>Hannes Schmid live Erleben Sie unseren Gr\u00fcnder auf der B\u00fchne Hannes Schmid \u00fcber sein Herzensprojekt Smiling Gecko sprechen zu h\u00f6ren, ist ein echtes Erlebnis. Am\u00fcsant, anr\u00fchrend und vor allem sehr motivierend, berichtet er dar\u00fcber, mit welchen kleinen und grossen Herausforderungen er und das Team seit der Gr\u00fcndung der NGO fertig werden mussten und tagt\u00e4glich fertig &hellip; <span class=\"more-link-wrap\"><a href=\"https:\/\/www.smilinggecko.de\/de\/vortraege-besuchen\/\" class=\"more-link\">Read More <span class=\"screen-reader-text\"> &#8222;Vortr\u00e4ge besuchen&#8220;<\/span><\/a><\/span><\/p>\n","protected":false},"author":3,"featured_media":0,"parent":0,"menu_order":0,"comment_status":"closed","ping_status":"closed","template":"","meta":{"om_disable_all_campaigns":false,"inline_featured_image":false,"_monsterinsights_skip_tracking":false,"_monsterinsights_sitenote_active":false,"_monsterinsights_sitenote_note":"","_monsterinsights_sitenote_category":0,"footnotes":""},"class_list":["post-12988","page","type-page","status-publish","hentry"],"acf":[],"aioseo_notices":[],"_links":{"self":[{"href":"https:\/\/www.smilinggecko.de\/de\/wp-json\/wp\/v2\/pages\/12988","targetHints":{"allow":["GET"]}}],"collection":[{"href":"https:\/\/www.smilinggecko.de\/de\/wp-json\/wp\/v2\/pages"}],"about":[{"href":"https:\/\/www.smilinggecko.de\/de\/wp-json\/wp\/v2\/types\/page"}],"author":[{"embeddable":true,"href":"https:\/\/www.smilinggecko.de\/de\/wp-json\/wp\/v2\/users\/3"}],"replies":[{"embeddable":true,"href":"https:\/\/www.smilinggecko.de\/de\/wp-json\/wp\/v2\/comments?post=12988"}],"version-history":[{"count":12,"href":"https:\/\/www.smilinggecko.de\/de\/wp-json\/wp\/v2\/pages\/12988\/revisions"}],"predecessor-version":[{"id":15129,"href":"https:\/\/www.smilinggecko.de\/de\/wp-json\/wp\/v2\/pages\/12988\/revisions\/15129"}],"wp:attachment":[{"href":"https:\/\/www.smilinggecko.de\/de\/wp-json\/wp\/v2\/media?parent=12988"}],"curies":[{"name":"wp","href":"https:\/\/api.w.org\/{rel}","templated":true}]}}