{"id":13275,"date":"2023-02-03T10:01:52","date_gmt":"2023-02-03T10:01:52","guid":{"rendered":"https:\/\/www.smilinggecko.de\/?page_id=13275"},"modified":"2026-04-23T13:38:37","modified_gmt":"2026-04-23T13:38:37","slug":"schule-finanzieren","status":"publish","type":"page","link":"https:\/\/www.smilinggecko.de\/de\/schule-finanzieren\/","title":{"rendered":"Schule finanzieren"},"content":{"rendered":"\t\t<div data-elementor-type=\"wp-page\" data-elementor-id=\"13275\" class=\"elementor elementor-13275\">\n\t\t\t\t\t\t<div class=\"elementor-inner\">\n\t\t\t\t<div class=\"elementor-section-wrap\">\n\t\t\t\t\t\t\t\t\t<section class=\"elementor-section elementor-top-section elementor-element elementor-element-d7c155a elementor-section-boxed elementor-section-height-default elementor-section-height-default\" data-id=\"d7c155a\" data-element_type=\"section\">\n\t\t\t\t\t\t<div class=\"elementor-container elementor-column-gap-default\">\n\t\t\t\t\t\t\t<div class=\"elementor-row\">\n\t\t\t\t\t<div class=\"elementor-column elementor-col-100 elementor-top-column elementor-element elementor-element-44f9ee0\" data-id=\"44f9ee0\" data-element_type=\"column\">\n\t\t\t<div class=\"elementor-column-wrap elementor-element-populated\">\n\t\t\t\t\t\t\t<div class=\"elementor-widget-wrap\">\n\t\t\t\t\t\t<div class=\"elementor-element elementor-element-409fbfd elementor-widget elementor-widget-text-editor\" data-id=\"409fbfd\" data-element_type=\"widget\" data-widget_type=\"text-editor.default\">\n\t\t\t\t<div class=\"elementor-widget-container\">\n\t\t\t        <div class=\"elementor-text-editor elementor-clearfix\"><p>Unser Patenschafts- und Stipendienprogramm<\/p><\/div>\n        \t\t<\/div>\n\t\t\t\t<\/div>\n\t\t\t\t<div class=\"elementor-element elementor-element-f963f84 elementor-widget elementor-widget-heading\" data-id=\"f963f84\" data-element_type=\"widget\" data-widget_type=\"heading.default\">\n\t\t\t\t<div class=\"elementor-widget-container\">\n\t\t\t<h1 class=\"elementor-heading-title elementor-size-default\">EIN INVESTMENT IN DIE ZUKUNFT KAMBODSCHAS<\/h1>\t\t<\/div>\n\t\t\t\t<\/div>\n\t\t\t\t\t\t<\/div>\n\t\t\t\t\t<\/div>\n\t\t<\/div>\n\t\t\t\t\t\t\t\t<\/div>\n\t\t\t\t\t<\/div>\n\t\t<\/section>\n\t\t\t\t<section class=\"elementor-section elementor-top-section elementor-element elementor-element-021e726 elementor-section-boxed elementor-section-height-default elementor-section-height-default\" data-id=\"021e726\" data-element_type=\"section\">\n\t\t\t\t\t\t<div class=\"elementor-container elementor-column-gap-default\">\n\t\t\t\t\t\t\t<div class=\"elementor-row\">\n\t\t\t\t\t<div class=\"elementor-column elementor-col-100 elementor-top-column elementor-element elementor-element-f4d9753\" data-id=\"f4d9753\" data-element_type=\"column\">\n\t\t\t<div class=\"elementor-column-wrap elementor-element-populated\">\n\t\t\t\t\t\t\t<div class=\"elementor-widget-wrap\">\n\t\t\t\t\t\t<div class=\"elementor-element elementor-element-831b129 elementor-widget elementor-widget-text-editor\" data-id=\"831b129\" data-element_type=\"widget\" data-widget_type=\"text-editor.default\">\n\t\t\t\t<div class=\"elementor-widget-container\">\n\t\t\t        <div class=\"elementor-text-editor elementor-clearfix\"><p>Mit unserem Patenschafts- und Stipendienprogramm haben Sie die M\u00f6glichkeit, die Ausbildung unserer Kindergarten- und Schulkinder zu unterst\u00fctzen. Ein wertvolles Investment in die Zukunft von grossartigen Kindern, deren Weg aus der Armut mit einer fundierten Bildung deutlich einfacher sein d\u00fcrfte.<\/p>\n<p>Sie haben die Wahl, ob Sie als Pate\/in die ganze Schule unterst\u00fctzen m\u00f6chten, oder als Sponsor\/in des Stipendienprogramms sogar ein einzelnes Kind ganzheitlich f\u00f6rdern wollen. Wie auch immer Sie sich entscheiden: Sie leisten einen grossartigen Beitrag, um die f\u00fcr den Schul-, Sport- und Musikunterricht sowie f\u00fcr die schulische Ern\u00e4hrung und die medizinische Versorgung unserer Schulkinder notwendige finanziellen Mitteln zu beschaffen.&nbsp;<\/p>\n<p>Gleichzeitig erm\u00f6glichen Sie uns als Organisation, die Schule weiter zu vergr\u00f6ssern, um noch m\u00f6glichst viele andere Kinder aufnehmen zu k\u00f6nnen.<\/p>\n<p>Klingt interessant? Dann laden Sie sich gerne unsere digitale Brosch\u00fcre zum Programm runter, in der Sie weitere Informationen finden.<\/p><\/div>\n        \t\t<\/div>\n\t\t\t\t<\/div>\n\t\t\t\t\t\t<\/div>\n\t\t\t\t\t<\/div>\n\t\t<\/div>\n\t\t\t\t\t\t\t\t<\/div>\n\t\t\t\t\t<\/div>\n\t\t<\/section>\n\t\t\t\t<section class=\"elementor-section elementor-top-section elementor-element elementor-element-219fddf elementor-section-boxed elementor-section-height-default elementor-section-height-default\" data-id=\"219fddf\" data-element_type=\"section\">\n\t\t\t\t\t\t<div class=\"elementor-container elementor-column-gap-default\">\n\t\t\t\t\t\t\t<div class=\"elementor-row\">\n\t\t\t\t\t<div class=\"elementor-column elementor-col-100 elementor-top-column elementor-element elementor-element-09d2088\" data-id=\"09d2088\" data-element_type=\"column\">\n\t\t\t<div class=\"elementor-column-wrap elementor-element-populated\">\n\t\t\t\t\t\t\t<div class=\"elementor-widget-wrap\">\n\t\t\t\t\t\t<div class=\"elementor-element elementor-element-9a544f7 elementor-widget elementor-widget-spacer\" data-id=\"9a544f7\" data-element_type=\"widget\" data-widget_type=\"spacer.default\">\n\t\t\t\t<div class=\"elementor-widget-container\">\n\t\t\t\t\t<div class=\"elementor-spacer\">\n\t\t\t<div class=\"elementor-spacer-inner\"><\/div>\n\t\t<\/div>\n\t\t\t\t<\/div>\n\t\t\t\t<\/div>\n\t\t\t\t\t\t<\/div>\n\t\t\t\t\t<\/div>\n\t\t<\/div>\n\t\t\t\t\t\t\t\t<\/div>\n\t\t\t\t\t<\/div>\n\t\t<\/section>\n\t\t\t\t<section class=\"elementor-section elementor-top-section elementor-element elementor-element-4097eb3 elementor-section-boxed elementor-section-height-default elementor-section-height-default\" data-id=\"4097eb3\" data-element_type=\"section\">\n\t\t\t\t\t\t<div class=\"elementor-container elementor-column-gap-default\">\n\t\t\t\t\t\t\t<div class=\"elementor-row\">\n\t\t\t\t\t<div class=\"elementor-column elementor-col-100 elementor-top-column elementor-element elementor-element-7d26872\" data-id=\"7d26872\" data-element_type=\"column\">\n\t\t\t<div class=\"elementor-column-wrap elementor-element-populated\">\n\t\t\t\t\t\t\t<div class=\"elementor-widget-wrap\">\n\t\t\t\t\t\t<div class=\"elementor-element elementor-element-bbffbc8 elementor-widget elementor-widget-image\" data-id=\"bbffbc8\" data-element_type=\"widget\" data-widget_type=\"image.default\">\n\t\t\t\t<div class=\"elementor-widget-container\">\n\t\t\t\t\t\t\t\t<div class=\"elementor-image\">\n\t\t\t\t\t\t\t\t\t\t\t\t<img loading=\"lazy\" decoding=\"async\" width=\"600\" height=\"821\" src=\"https:\/\/www.smilinggecko.de\/wp-content\/uploads\/2025\/09\/PATENSCHAFTEN-BROSCHUeRE-CH-A5\u2013DE-1-748x1024.jpg\" class=\"attachment-large size-large\" alt=\"\" srcset=\"https:\/\/www.smilinggecko.de\/wp-content\/uploads\/2025\/09\/PATENSCHAFTEN-BROSCHUeRE-CH-A5\u2013DE-1-748x1024.jpg 748w, https:\/\/www.smilinggecko.de\/wp-content\/uploads\/2025\/09\/PATENSCHAFTEN-BROSCHUeRE-CH-A5\u2013DE-1-219x300.jpg 219w, https:\/\/www.smilinggecko.de\/wp-content\/uploads\/2025\/09\/PATENSCHAFTEN-BROSCHUeRE-CH-A5\u2013DE-1-768x1051.jpg 768w, https:\/\/www.smilinggecko.de\/wp-content\/uploads\/2025\/09\/PATENSCHAFTEN-BROSCHUeRE-CH-A5\u2013DE-1-1122x1536.jpg 1122w, https:\/\/www.smilinggecko.de\/wp-content\/uploads\/2025\/09\/PATENSCHAFTEN-BROSCHUeRE-CH-A5\u2013DE-1-1496x2048.jpg 1496w, https:\/\/www.smilinggecko.de\/wp-content\/uploads\/2025\/09\/PATENSCHAFTEN-BROSCHUeRE-CH-A5\u2013DE-1-400x548.jpg 400w, https:\/\/www.smilinggecko.de\/wp-content\/uploads\/2025\/09\/PATENSCHAFTEN-BROSCHUeRE-CH-A5\u2013DE-1-scaled.jpg 1870w\" sizes=\"auto, (max-width: 600px) 100vw, 600px\" \/>\t\t\t\t\t\t\t\t\t\t\t\t\t\t<\/div>\n\t\t\t\t\t\t<\/div>\n\t\t\t\t<\/div>\n\t\t\t\t<div class=\"elementor-element elementor-element-df7c1bc elementor-align-center elementor-widget elementor-widget-heading\" data-id=\"df7c1bc\" data-element_type=\"widget\" data-widget_type=\"heading.default\">\n\t\t\t\t<div class=\"elementor-widget-container\">\n\t\t\t<h2 class=\"elementor-heading-title elementor-size-default\"><span class=\"elementor-heading-title elementor-size-default\" style=\"white-space: normal; font-family: &quot;Roboto Condensed&quot;; font-weight: 700; font-size: 1.5rem; clear: both; text-transform: uppercase; font-variant-ligatures: normal; orphans: 2; text-align: center; widows: 2; text-decoration-thickness: initial;\">UNSERE Brosch\u00fcre<\/span><\/h2>\t\t<\/div>\n\t\t\t\t<\/div>\n\t\t\t\t<div class=\"elementor-element elementor-element-00b41ba elementor-widget elementor-widget-text-editor\" data-id=\"00b41ba\" data-element_type=\"widget\" data-widget_type=\"text-editor.default\">\n\t\t\t\t<div class=\"elementor-widget-container\">\n\t\t\t        <div class=\"elementor-text-editor elementor-clearfix\"><p><span style=\"text-decoration: underline;\"><strong><a style=\"background-color: #ffffff; font-variant-ligatures: normal; orphans: 2; text-align: center; widows: 2;\" href=\"https:\/\/www.smilinggecko.de\/wp-content\/uploads\/2025\/09\/PATENSCHAFTEN-BROSCHUeRE-A5-in-Euro-\u2013-DE.pdf\" target=\"_blank\" rel=\"noopener\">Download \u2013 deutsche Version<\/a><\/strong><\/span><\/p><\/div>\n        \t\t<\/div>\n\t\t\t\t<\/div>\n\t\t\t\t<div class=\"elementor-element elementor-element-f1eb926 elementor-widget elementor-widget-text-editor\" data-id=\"f1eb926\" data-element_type=\"widget\" data-widget_type=\"text-editor.default\">\n\t\t\t\t<div class=\"elementor-widget-container\">\n\t\t\t        <div class=\"elementor-text-editor elementor-clearfix\"><p><span style=\"text-decoration: underline;\"><strong><a style=\"background-color: #ffffff; font-variant-ligatures: normal; orphans: 2; text-align: center; widows: 2;\" href=\"https:\/\/www.smilinggecko.de\/wp-content\/uploads\/2025\/09\/PATENSCHAFTEN-BROSCHUeRE-A5-in-USD-\u2013-EN.pdf\" target=\"_blank\" rel=\"noopener\">Download \u2013 englische Version<\/a><\/strong><\/span><\/p><\/div>\n        \t\t<\/div>\n\t\t\t\t<\/div>\n\t\t\t\t\t\t<\/div>\n\t\t\t\t\t<\/div>\n\t\t<\/div>\n\t\t\t\t\t\t\t\t<\/div>\n\t\t\t\t\t<\/div>\n\t\t<\/section>\n\t\t\t\t<section class=\"elementor-section elementor-top-section elementor-element elementor-element-4c01d2d elementor-section-boxed elementor-section-height-default elementor-section-height-default\" data-id=\"4c01d2d\" data-element_type=\"section\">\n\t\t\t\t\t\t<div class=\"elementor-container elementor-column-gap-default\">\n\t\t\t\t\t\t\t<div class=\"elementor-row\">\n\t\t\t\t\t<div class=\"elementor-column elementor-col-100 elementor-top-column elementor-element elementor-element-799906f\" data-id=\"799906f\" data-element_type=\"column\">\n\t\t\t<div class=\"elementor-column-wrap elementor-element-populated\">\n\t\t\t\t\t\t\t<div class=\"elementor-widget-wrap\">\n\t\t\t\t\t\t<div class=\"elementor-element elementor-element-18c896b elementor-widget elementor-widget-spacer\" data-id=\"18c896b\" data-element_type=\"widget\" data-widget_type=\"spacer.default\">\n\t\t\t\t<div class=\"elementor-widget-container\">\n\t\t\t\t\t<div class=\"elementor-spacer\">\n\t\t\t<div class=\"elementor-spacer-inner\"><\/div>\n\t\t<\/div>\n\t\t\t\t<\/div>\n\t\t\t\t<\/div>\n\t\t\t\t\t\t<\/div>\n\t\t\t\t\t<\/div>\n\t\t<\/div>\n\t\t\t\t\t\t\t\t<\/div>\n\t\t\t\t\t<\/div>\n\t\t<\/section>\n\t\t\t\t<section class=\"elementor-section elementor-top-section elementor-element elementor-element-a998aed elementor-section-boxed elementor-section-height-default elementor-section-height-default\" data-id=\"a998aed\" data-element_type=\"section\">\n\t\t\t\t\t\t<div class=\"elementor-container elementor-column-gap-default\">\n\t\t\t\t\t\t\t<div class=\"elementor-row\">\n\t\t\t\t\t<div class=\"elementor-column elementor-col-100 elementor-top-column elementor-element elementor-element-07e860c\" data-id=\"07e860c\" data-element_type=\"column\">\n\t\t\t<div class=\"elementor-column-wrap elementor-element-populated\">\n\t\t\t\t\t\t\t<div class=\"elementor-widget-wrap\">\n\t\t\t\t\t\t<div class=\"elementor-element elementor-element-889fe99 elementor-widget elementor-widget-text-editor\" data-id=\"889fe99\" data-element_type=\"widget\" data-widget_type=\"text-editor.default\">\n\t\t\t\t<div class=\"elementor-widget-container\">\n\t\t\t        <div class=\"elementor-text-editor elementor-clearfix\"><p>Selbstverst\u00e4ndlich stehen wir Ihnen auch pers\u00f6nlich jederzeit f\u00fcr Fragen zur Seite.<\/p><p>Ihre Ansprechpartnerin bei Smiling Gecko:<br \/><strong>Sarah Blesius, +41 44 321 67 70,<\/strong> <span style=\"text-decoration: underline;\"><strong><a>blesius(at)smilinggecko.ch<\/a><\/strong><\/span><\/p><\/div>\n        \t\t<\/div>\n\t\t\t\t<\/div>\n\t\t\t\t\t\t<\/div>\n\t\t\t\t\t<\/div>\n\t\t<\/div>\n\t\t\t\t\t\t\t\t<\/div>\n\t\t\t\t\t<\/div>\n\t\t<\/section>\n\t\t\t\t\t\t\t\t\t<\/div>\n\t\t\t<\/div>\n\t\t\t\t\t<\/div>\n\t\t","protected":false},"excerpt":{"rendered":"<p>Unser Patenschafts- und Stipendienprogramm EIN INVESTMENT IN DIE ZUKUNFT KAMBODSCHAS Mit unserem Patenschafts- und Stipendienprogramm haben Sie die M\u00f6glichkeit, die Ausbildung unserer Kindergarten- und Schulkinder zu unterst\u00fctzen. Ein wertvolles Investment in die Zukunft von grossartigen Kindern, deren Weg aus der Armut mit einer fundierten Bildung deutlich einfacher sein d\u00fcrfte. Sie haben die Wahl, ob Sie &hellip; <span class=\"more-link-wrap\"><a href=\"https:\/\/www.smilinggecko.de\/de\/schule-finanzieren\/\" class=\"more-link\">Read More <span class=\"screen-reader-text\"> &#8222;Schule finanzieren&#8220;<\/span><\/a><\/span><\/p>\n","protected":false},"author":3,"featured_media":13115,"parent":0,"menu_order":0,"comment_status":"closed","ping_status":"closed","template":"","meta":{"om_disable_all_campaigns":false,"inline_featured_image":false,"_monsterinsights_skip_tracking":false,"_monsterinsights_sitenote_active":false,"_monsterinsights_sitenote_note":"","_monsterinsights_sitenote_category":0,"footnotes":""},"class_list":["post-13275","page","type-page","status-publish","has-post-thumbnail","hentry"],"acf":[],"aioseo_notices":[],"_links":{"self":[{"href":"https:\/\/www.smilinggecko.de\/de\/wp-json\/wp\/v2\/pages\/13275","targetHints":{"allow":["GET"]}}],"collection":[{"href":"https:\/\/www.smilinggecko.de\/de\/wp-json\/wp\/v2\/pages"}],"about":[{"href":"https:\/\/www.smilinggecko.de\/de\/wp-json\/wp\/v2\/types\/page"}],"author":[{"embeddable":true,"href":"https:\/\/www.smilinggecko.de\/de\/wp-json\/wp\/v2\/users\/3"}],"replies":[{"embeddable":true,"href":"https:\/\/www.smilinggecko.de\/de\/wp-json\/wp\/v2\/comments?post=13275"}],"version-history":[{"count":38,"href":"https:\/\/www.smilinggecko.de\/de\/wp-json\/wp\/v2\/pages\/13275\/revisions"}],"predecessor-version":[{"id":15668,"href":"https:\/\/www.smilinggecko.de\/de\/wp-json\/wp\/v2\/pages\/13275\/revisions\/15668"}],"wp:featuredmedia":[{"embeddable":true,"href":"https:\/\/www.smilinggecko.de\/de\/wp-json\/wp\/v2\/media\/13115"}],"wp:attachment":[{"href":"https:\/\/www.smilinggecko.de\/de\/wp-json\/wp\/v2\/media?parent=13275"}],"curies":[{"name":"wp","href":"https:\/\/api.w.org\/{rel}","templated":true}]}}