{"id":6245,"date":"2022-07-25T11:25:28","date_gmt":"2022-07-25T11:25:28","guid":{"rendered":"https:\/\/www.smilinggecko.de\/?page_id=6245"},"modified":"2022-10-14T07:46:35","modified_gmt":"2022-10-14T07:46:35","slug":"unser-newsarchiv","status":"publish","type":"page","link":"https:\/\/www.smilinggecko.de\/de\/unser-newsarchiv\/","title":{"rendered":"Newsarchiv"},"content":{"rendered":"\t\t<div data-elementor-type=\"wp-page\" data-elementor-id=\"6245\" class=\"elementor elementor-6245\">\n\t\t\t\t\t\t<div class=\"elementor-inner\">\n\t\t\t\t<div class=\"elementor-section-wrap\">\n\t\t\t\t\t\t\t\t\t<section class=\"elementor-section elementor-top-section elementor-element elementor-element-4db13564 elementor-section-stretched elementor-section-boxed elementor-section-height-default elementor-section-height-default\" data-id=\"4db13564\" data-element_type=\"section\" data-settings=\"{&quot;stretch_section&quot;:&quot;section-stretched&quot;}\">\n\t\t\t\t\t\t<div class=\"elementor-container elementor-column-gap-default\">\n\t\t\t\t\t\t\t<div class=\"elementor-row\">\n\t\t\t\t\t<div class=\"elementor-column elementor-col-100 elementor-top-column elementor-element elementor-element-5238edb5\" data-id=\"5238edb5\" data-element_type=\"column\">\n\t\t\t<div class=\"elementor-column-wrap elementor-element-populated\">\n\t\t\t\t\t\t\t<div class=\"elementor-widget-wrap\">\n\t\t\t\t\t\t<div class=\"elementor-element elementor-element-6ebd2e1e elementor-widget elementor-widget-text-editor\" data-id=\"6ebd2e1e\" data-element_type=\"widget\" data-widget_type=\"text-editor.default\">\n\t\t\t\t<div class=\"elementor-widget-container\">\n\t\t\t        <div class=\"elementor-text-editor elementor-clearfix\"><p>Smiling Gecko News<\/p><\/div>\n        \t\t<\/div>\n\t\t\t\t<\/div>\n\t\t\t\t<div class=\"elementor-element elementor-element-710e19ac elementor-widget elementor-widget-heading\" data-id=\"710e19ac\" data-element_type=\"widget\" data-widget_type=\"heading.default\">\n\t\t\t\t<div class=\"elementor-widget-container\">\n\t\t\t<h1 class=\"elementor-heading-title elementor-size-default\">Aktuelles von oder \u00fcber uns <\/h1>\t\t<\/div>\n\t\t\t\t<\/div>\n\t\t\t\t\t\t<\/div>\n\t\t\t\t\t<\/div>\n\t\t<\/div>\n\t\t\t\t\t\t\t\t<\/div>\n\t\t\t\t\t<\/div>\n\t\t<\/section>\n\t\t\t\t<section class=\"elementor-section elementor-top-section elementor-element elementor-element-727298ff elementor-section-stretched elementor-section-boxed elementor-section-height-default elementor-section-height-default\" data-id=\"727298ff\" data-element_type=\"section\" data-settings=\"{&quot;stretch_section&quot;:&quot;section-stretched&quot;}\">\n\t\t\t\t\t\t<div class=\"elementor-container elementor-column-gap-default\">\n\t\t\t\t\t\t\t<div class=\"elementor-row\">\n\t\t\t\t\t<div class=\"elementor-column elementor-col-100 elementor-top-column elementor-element elementor-element-39026d91\" data-id=\"39026d91\" data-element_type=\"column\">\n\t\t\t<div class=\"elementor-column-wrap elementor-element-populated\">\n\t\t\t\t\t\t\t<div class=\"elementor-widget-wrap\">\n\t\t\t\t\t\t<div class=\"elementor-element elementor-element-2e49b7f4 elementor-widget elementor-widget-text-editor\" data-id=\"2e49b7f4\" data-element_type=\"widget\" data-widget_type=\"text-editor.default\">\n\t\t\t\t<div class=\"elementor-widget-container\">\n\t\t\t        <div class=\"elementor-text-editor elementor-clearfix\"><p>Ob schnelle News zwischendurch, eigene Presseaussendung oder externer TV- und Zeitungsbericht: Auf dieser Seite sammeln wir f\u00fcr Sie alle Neuigkeiten, die etwas mit unserem Campus, den grossartigen Menschen in Kambodscha oder Smiling Gecko als Organisation zu tun haben.<\/p><\/div>\n        \t\t<\/div>\n\t\t\t\t<\/div>\n\t\t\t\t\t\t<\/div>\n\t\t\t\t\t<\/div>\n\t\t<\/div>\n\t\t\t\t\t\t\t\t<\/div>\n\t\t\t\t\t<\/div>\n\t\t<\/section>\n\t\t\t\t<section class=\"elementor-section elementor-top-section elementor-element elementor-element-8e194be elementor-section-stretched elementor-section-boxed elementor-section-height-default elementor-section-height-default\" data-id=\"8e194be\" data-element_type=\"section\" data-settings=\"{&quot;stretch_section&quot;:&quot;section-stretched&quot;}\">\n\t\t\t\t\t\t<div class=\"elementor-container elementor-column-gap-default\">\n\t\t\t\t\t\t\t<div class=\"elementor-row\">\n\t\t\t\t\t<div class=\"elementor-column elementor-col-100 elementor-top-column elementor-element elementor-element-1078538\" data-id=\"1078538\" data-element_type=\"column\">\n\t\t\t<div class=\"elementor-column-wrap elementor-element-populated\">\n\t\t\t\t\t\t\t<div class=\"elementor-widget-wrap\">\n\t\t\t\t\t\t<div class=\"elementor-element elementor-element-562f78f1 elementor-posts--align-left elementor-grid-3 elementor-grid-tablet-2 elementor-grid-mobile-1 elementor-posts--thumbnail-top elementor-widget elementor-widget-posts\" data-id=\"562f78f1\" data-element_type=\"widget\" data-settings=\"{&quot;classic_row_gap&quot;:{&quot;unit&quot;:&quot;px&quot;,&quot;size&quot;:&quot;50&quot;,&quot;sizes&quot;:[]},&quot;pagination_type&quot;:&quot;load_more_infinite_scroll&quot;,&quot;classic_columns&quot;:&quot;3&quot;,&quot;classic_columns_tablet&quot;:&quot;2&quot;,&quot;classic_columns_mobile&quot;:&quot;1&quot;,&quot;classic_row_gap_widescreen&quot;:{&quot;unit&quot;:&quot;px&quot;,&quot;size&quot;:&quot;&quot;,&quot;sizes&quot;:[]},&quot;classic_row_gap_laptop&quot;:{&quot;unit&quot;:&quot;px&quot;,&quot;size&quot;:&quot;&quot;,&quot;sizes&quot;:[]},&quot;classic_row_gap_tablet_extra&quot;:{&quot;unit&quot;:&quot;px&quot;,&quot;size&quot;:&quot;&quot;,&quot;sizes&quot;:[]},&quot;classic_row_gap_tablet&quot;:{&quot;unit&quot;:&quot;px&quot;,&quot;size&quot;:&quot;&quot;,&quot;sizes&quot;:[]},&quot;classic_row_gap_mobile_extra&quot;:{&quot;unit&quot;:&quot;px&quot;,&quot;size&quot;:&quot;&quot;,&quot;sizes&quot;:[]},&quot;classic_row_gap_mobile&quot;:{&quot;unit&quot;:&quot;px&quot;,&quot;size&quot;:&quot;&quot;,&quot;sizes&quot;:[]},&quot;load_more_spinner&quot;:{&quot;value&quot;:&quot;fas fa-spinner&quot;,&quot;library&quot;:&quot;fa-solid&quot;}}\" data-widget_type=\"posts.classic\">\n\t\t\t\t<div class=\"elementor-widget-container\">\n\t\t\t\t\t<div class=\"elementor-posts-container elementor-posts elementor-posts--skin-classic elementor-grid\">\n\t\t\t\t<article class=\"elementor-post elementor-grid-item post-15626 post type-post status-publish format-standard has-post-thumbnail hentry category-farmhouse-resort category-smiling-gecko-campus\">\n\t\t\t\t<a class=\"elementor-post__thumbnail__link\" href=\"https:\/\/www.smilinggecko.de\/de\/mariya-un-noun_tanja-grandits_gaultmillau\/\" >\n\t\t\t<div class=\"elementor-post__thumbnail\"><img loading=\"lazy\" decoding=\"async\" width=\"850\" height=\"580\" src=\"https:\/\/www.smilinggecko.de\/wp-content\/uploads\/2026\/04\/SmilingGecko_2026-03_\u00a9DigitaleMassarbeit_139-Beitrag-850x580.jpg\" class=\"attachment-fundor-featured-image-large size-fundor-featured-image-large\" alt=\"Two women exchange a fish on a riverbank market, with sacks, scales, and boats in the background.\" \/><\/div>\n\t\t<\/a>\n\t\t\t\t<div class=\"elementor-post__text\">\n\t\t\t\t<h3 class=\"elementor-post__title\">\n\t\t\t<a href=\"https:\/\/www.smilinggecko.de\/de\/mariya-un-noun_tanja-grandits_gaultmillau\/\" >\n\t\t\t\tMariya Un Noun und Tanja Grandits bei Gault Millau\t\t\t<\/a>\n\t\t<\/h3>\n\t\t\t\t<div class=\"elementor-post__meta-data\">\n\t\t\t\t\t<span class=\"elementor-post-date\">\n\t\t\tApril 21, 2026\t\t<\/span>\n\t\t\t\t<\/div>\n\t\t\t\t<div class=\"elementor-post__excerpt\">\n\t\t\t<p>Eine besondere Ehre und Freude f\u00fcr die Chefin der T\u00f6pfe und Pfannen im Farmhouse Resort: Tanja Grandits, Sternek\u00f6chin aus der Schweiz geh\u00f6rt zu ihren gr\u00f6ssten Fans. <\/p>\n\t\t<\/div>\n\t\t\t\t\t<div class=\"elementor-post__read-more-wrapper\">\n\t\t\n\t\t<a class=\"elementor-post__read-more\" href=\"https:\/\/www.smilinggecko.de\/de\/mariya-un-noun_tanja-grandits_gaultmillau\/\" >\n\t\t\t&gt; Weiterlesen\t\t<\/a>\n\n\t\t\t\t\t<\/div>\n\t\t\t\t<\/div>\n\t\t\t\t<\/article>\n\t\t\t\t<article class=\"elementor-post elementor-grid-item post-15565 post type-post status-publish format-standard has-post-thumbnail hentry category-smiling-gecko-campus\">\n\t\t\t\t<a class=\"elementor-post__thumbnail__link\" href=\"https:\/\/www.smilinggecko.de\/de\/ein-lied-der-hoffnung\/\" >\n\t\t\t<div class=\"elementor-post__thumbnail\"><img loading=\"lazy\" decoding=\"async\" width=\"850\" height=\"580\" src=\"https:\/\/www.smilinggecko.de\/wp-content\/uploads\/2026\/03\/TOMORROW-THUMBNAIL-850x580.jpg\" class=\"attachment-fundor-featured-image-large size-fundor-featured-image-large\" alt=\"\" \/><\/div>\n\t\t<\/a>\n\t\t\t\t<div class=\"elementor-post__text\">\n\t\t\t\t<h3 class=\"elementor-post__title\">\n\t\t\t<a href=\"https:\/\/www.smilinggecko.de\/de\/ein-lied-der-hoffnung\/\" >\n\t\t\t\tEin Lied der Hoffnung\t\t\t<\/a>\n\t\t<\/h3>\n\t\t\t\t<div class=\"elementor-post__meta-data\">\n\t\t\t\t\t<span class=\"elementor-post-date\">\n\t\t\tM\u00e4rz 10, 2026\t\t<\/span>\n\t\t\t\t<\/div>\n\t\t\t\t<div class=\"elementor-post__excerpt\">\n\t\t\t<p>Songs geh\u00f6ren seit jeher zum Leben auf dem Smiling Gecko Campus, da sie helfen, Hoffnung zu sch\u00f6pfen und Trauer zu \u00fcberwinden. \u00abTomorrow\u00bb ist so ein Song. Wir haben ihn im Gong aufgenommen und danach bebildert.<\/p>\n\t\t<\/div>\n\t\t\t\t\t<div class=\"elementor-post__read-more-wrapper\">\n\t\t\n\t\t<a class=\"elementor-post__read-more\" href=\"https:\/\/www.smilinggecko.de\/de\/ein-lied-der-hoffnung\/\" >\n\t\t\t&gt; Weiterlesen\t\t<\/a>\n\n\t\t\t\t\t<\/div>\n\t\t\t\t<\/div>\n\t\t\t\t<\/article>\n\t\t\t\t<article class=\"elementor-post elementor-grid-item post-15552 post type-post status-publish format-standard has-post-thumbnail hentry category-smiling-gecko-campus\">\n\t\t\t\t<a class=\"elementor-post__thumbnail__link\" href=\"https:\/\/www.smilinggecko.de\/de\/workations-auf-dem-smiling-gecko-campus\/\" >\n\t\t\t<div class=\"elementor-post__thumbnail\"><img loading=\"lazy\" decoding=\"async\" width=\"850\" height=\"580\" src=\"https:\/\/www.smilinggecko.de\/wp-content\/uploads\/2026\/03\/IMG_0282-850x580.jpg\" class=\"attachment-fundor-featured-image-large size-fundor-featured-image-large\" alt=\"\" \/><\/div>\n\t\t<\/a>\n\t\t\t\t<div class=\"elementor-post__text\">\n\t\t\t\t<h3 class=\"elementor-post__title\">\n\t\t\t<a href=\"https:\/\/www.smilinggecko.de\/de\/workations-auf-dem-smiling-gecko-campus\/\" >\n\t\t\t\tWorkations auf dem Smiling Gecko Campus\t\t\t<\/a>\n\t\t<\/h3>\n\t\t\t\t<div class=\"elementor-post__meta-data\">\n\t\t\t\t\t<span class=\"elementor-post-date\">\n\t\t\tM\u00e4rz 10, 2026\t\t<\/span>\n\t\t\t\t<\/div>\n\t\t\t\t<div class=\"elementor-post__excerpt\">\n\t\t\t<p>F\u00fcr ein paar Wochen Teil der Smiling Gecko Familie in Kambodscha werden? Mit unserem neuen Angebot \u00abHelping Hands\u00bb ist dies demn\u00e4chst m\u00f6glich.<\/p>\n\t\t<\/div>\n\t\t\t\t\t<div class=\"elementor-post__read-more-wrapper\">\n\t\t\n\t\t<a class=\"elementor-post__read-more\" href=\"https:\/\/www.smilinggecko.de\/de\/workations-auf-dem-smiling-gecko-campus\/\" >\n\t\t\t&gt; Weiterlesen\t\t<\/a>\n\n\t\t\t\t\t<\/div>\n\t\t\t\t<\/div>\n\t\t\t\t<\/article>\n\t\t\t\t<article class=\"elementor-post elementor-grid-item post-15290 post type-post status-publish format-standard has-post-thumbnail hentry category-smiling-gecko-campus\">\n\t\t\t\t<a class=\"elementor-post__thumbnail__link\" href=\"https:\/\/www.smilinggecko.de\/de\/smiling-gecko-singapore\/\" >\n\t\t\t<div class=\"elementor-post__thumbnail\"><img loading=\"lazy\" decoding=\"async\" width=\"850\" height=\"580\" src=\"https:\/\/www.smilinggecko.de\/wp-content\/uploads\/2025\/12\/Sin-Team-850x580.jpg\" class=\"attachment-fundor-featured-image-large size-fundor-featured-image-large\" alt=\"\" \/><\/div>\n\t\t<\/a>\n\t\t\t\t<div class=\"elementor-post__text\">\n\t\t\t\t<h3 class=\"elementor-post__title\">\n\t\t\t<a href=\"https:\/\/www.smilinggecko.de\/de\/smiling-gecko-singapore\/\" >\n\t\t\t\tSmiling Gecko gibt es jetzt auch in Singapur\t\t\t<\/a>\n\t\t<\/h3>\n\t\t\t\t<div class=\"elementor-post__meta-data\">\n\t\t\t\t\t<span class=\"elementor-post-date\">\n\t\t\tDezember 4, 2025\t\t<\/span>\n\t\t\t\t<\/div>\n\t\t\t\t<div class=\"elementor-post__excerpt\">\n\t\t\t<p>Singapur mag das kleinste Staatsgebiet S\u00fcdostasiens haben. Was die finanzielle Potenz angeht, geh\u00f6rt das Land jedoch zu den Gr\u00f6ssen der Region. Darum ist Smiling Gecko jetzt mit einem eigenen Office vor Ort.<\/p>\n\t\t<\/div>\n\t\t\t\t\t<div class=\"elementor-post__read-more-wrapper\">\n\t\t\n\t\t<a class=\"elementor-post__read-more\" href=\"https:\/\/www.smilinggecko.de\/de\/smiling-gecko-singapore\/\" >\n\t\t\t&gt; Weiterlesen\t\t<\/a>\n\n\t\t\t\t\t<\/div>\n\t\t\t\t<\/div>\n\t\t\t\t<\/article>\n\t\t\t\t<article class=\"elementor-post elementor-grid-item post-15266 post type-post status-publish format-standard has-post-thumbnail hentry category-schule-und-kindergarten category-smiling-gecko-campus\">\n\t\t\t\t<a class=\"elementor-post__thumbnail__link\" href=\"https:\/\/www.smilinggecko.de\/de\/grosser-auftritt\/\" >\n\t\t\t<div class=\"elementor-post__thumbnail\"><img loading=\"lazy\" decoding=\"async\" width=\"850\" height=\"580\" src=\"https:\/\/www.smilinggecko.de\/wp-content\/uploads\/2025\/12\/6U8A9709-850x580.jpg\" class=\"attachment-fundor-featured-image-large size-fundor-featured-image-large\" alt=\"\" \/><\/div>\n\t\t<\/a>\n\t\t\t\t<div class=\"elementor-post__text\">\n\t\t\t\t<h3 class=\"elementor-post__title\">\n\t\t\t<a href=\"https:\/\/www.smilinggecko.de\/de\/grosser-auftritt\/\" >\n\t\t\t\tGrosser Auftritt im Nationalstadion\t\t\t<\/a>\n\t\t<\/h3>\n\t\t\t\t<div class=\"elementor-post__meta-data\">\n\t\t\t\t\t<span class=\"elementor-post-date\">\n\t\t\tDezember 4, 2025\t\t<\/span>\n\t\t\t\t<\/div>\n\t\t\t\t<div class=\"elementor-post__excerpt\">\n\t\t\t<p>Die talentierten Smiling Gecko Singer durften bei den diesj\u00e4hrigen Finalspielen der kambodschanischen Fussballiga singen. Und nicht nur der stellvertretende Premierminister zeigte sich begeistert.<\/p>\n\t\t<\/div>\n\t\t\t\t\t<div class=\"elementor-post__read-more-wrapper\">\n\t\t\n\t\t<a class=\"elementor-post__read-more\" href=\"https:\/\/www.smilinggecko.de\/de\/grosser-auftritt\/\" >\n\t\t\t&gt; Weiterlesen\t\t<\/a>\n\n\t\t\t\t\t<\/div>\n\t\t\t\t<\/div>\n\t\t\t\t<\/article>\n\t\t\t\t<article class=\"elementor-post elementor-grid-item post-15232 post type-post status-publish format-standard has-post-thumbnail hentry category-schule-und-kindergarten category-smiling-gecko-campus\">\n\t\t\t\t<a class=\"elementor-post__thumbnail__link\" href=\"https:\/\/www.smilinggecko.de\/de\/neues-schulgebaeude\/\" >\n\t\t\t<div class=\"elementor-post__thumbnail\"><img loading=\"lazy\" decoding=\"async\" width=\"850\" height=\"580\" src=\"https:\/\/www.smilinggecko.de\/wp-content\/uploads\/2025\/12\/IMG_0374-850x580.jpg\" class=\"attachment-fundor-featured-image-large size-fundor-featured-image-large\" alt=\"\" \/><\/div>\n\t\t<\/a>\n\t\t\t\t<div class=\"elementor-post__text\">\n\t\t\t\t<h3 class=\"elementor-post__title\">\n\t\t\t<a href=\"https:\/\/www.smilinggecko.de\/de\/neues-schulgebaeude\/\" >\n\t\t\t\tHalb er\u00f6ffnet, voll angenommen\t\t\t<\/a>\n\t\t<\/h3>\n\t\t\t\t<div class=\"elementor-post__meta-data\">\n\t\t\t\t\t<span class=\"elementor-post-date\">\n\t\t\tDezember 4, 2025\t\t<\/span>\n\t\t\t\t<\/div>\n\t\t\t\t<div class=\"elementor-post__excerpt\">\n\t\t\t<p>Der Bau unseres neuen Schulgeb\u00e4udes erweist sich als durchaus anspruchsvoll. Zumindest einen Teilbereich konnten wir in diesem Sommer bereits er\u00f6ffnen. Sehr zur Freude unserer Schulkinder. <\/p>\n\t\t<\/div>\n\t\t\t\t\t<div class=\"elementor-post__read-more-wrapper\">\n\t\t\n\t\t<a class=\"elementor-post__read-more\" href=\"https:\/\/www.smilinggecko.de\/de\/neues-schulgebaeude\/\" >\n\t\t\t&gt; Weiterlesen\t\t<\/a>\n\n\t\t\t\t\t<\/div>\n\t\t\t\t<\/div>\n\t\t\t\t<\/article>\n\t\t\t\t<article class=\"elementor-post elementor-grid-item post-14787 post type-post status-publish format-standard has-post-thumbnail hentry category-schule-und-kindergarten category-smiling-gecko-campus\">\n\t\t\t\t<a class=\"elementor-post__thumbnail__link\" href=\"https:\/\/www.smilinggecko.de\/de\/systematisch-das-lesen-foerdern\/\" >\n\t\t\t<div class=\"elementor-post__thumbnail\"><img loading=\"lazy\" decoding=\"async\" width=\"850\" height=\"580\" src=\"https:\/\/www.smilinggecko.de\/wp-content\/uploads\/2025\/04\/smiling_gecko_leseprogramm\u2013beitrag-850x580.jpg\" class=\"attachment-fundor-featured-image-large size-fundor-featured-image-large\" alt=\"\" \/><\/div>\n\t\t<\/a>\n\t\t\t\t<div class=\"elementor-post__text\">\n\t\t\t\t<h3 class=\"elementor-post__title\">\n\t\t\t<a href=\"https:\/\/www.smilinggecko.de\/de\/systematisch-das-lesen-foerdern\/\" >\n\t\t\t\tSystematisch das Lesen f\u00f6rdern\t\t\t<\/a>\n\t\t<\/h3>\n\t\t\t\t<div class=\"elementor-post__meta-data\">\n\t\t\t\t\t<span class=\"elementor-post-date\">\n\t\t\tApril 2, 2025\t\t<\/span>\n\t\t\t\t<\/div>\n\t\t\t\t<div class=\"elementor-post__excerpt\">\n\t\t\t<p>Komplexe Texte lesen und verstehen zu k\u00f6nnen, geh\u00f6rt (auch) im bildungsfremden l\u00e4ndlichen Kambodscha zu den Kernqualifikationen. Wir haben hierf\u00fcr jetzt ein eigenes Programm gestartet.<\/p>\n\t\t<\/div>\n\t\t\t\t\t<div class=\"elementor-post__read-more-wrapper\">\n\t\t\n\t\t<a class=\"elementor-post__read-more\" href=\"https:\/\/www.smilinggecko.de\/de\/systematisch-das-lesen-foerdern\/\" >\n\t\t\t&gt; Weiterlesen\t\t<\/a>\n\n\t\t\t\t\t<\/div>\n\t\t\t\t<\/div>\n\t\t\t\t<\/article>\n\t\t\t\t<article class=\"elementor-post elementor-grid-item post-13962 post type-post status-publish format-standard has-post-thumbnail hentry category-smiling-gecko-campus\">\n\t\t\t\t<a class=\"elementor-post__thumbnail__link\" href=\"https:\/\/www.smilinggecko.de\/de\/stimme\/\" >\n\t\t\t<div class=\"elementor-post__thumbnail\"><img loading=\"lazy\" decoding=\"async\" width=\"850\" height=\"580\" src=\"https:\/\/www.smilinggecko.de\/wp-content\/uploads\/2024\/04\/GONG-4-850x580.jpg\" class=\"attachment-fundor-featured-image-large size-fundor-featured-image-large\" alt=\"The Gong\" \/><\/div>\n\t\t<\/a>\n\t\t\t\t<div class=\"elementor-post__text\">\n\t\t\t\t<h3 class=\"elementor-post__title\">\n\t\t\t<a href=\"https:\/\/www.smilinggecko.de\/de\/stimme\/\" >\n\t\t\t\tEine Stimme f\u00fcr Kambodscha\t\t\t<\/a>\n\t\t<\/h3>\n\t\t\t\t<div class=\"elementor-post__meta-data\">\n\t\t\t\t\t<span class=\"elementor-post-date\">\n\t\t\tApril 5, 2024\t\t<\/span>\n\t\t\t\t<\/div>\n\t\t\t\t<div class=\"elementor-post__excerpt\">\n\t\t\t<p>Mit einem gross angelegten Fest \u00fcber mehrere Tage er\u00f6ffnen wir am 26. Juni unser neues Kulturzentrum \u00abThe Gong\u00bb. Hier geben wir Hintergrundinformationen zum geplanten Anlass sowie nat\u00fcrlich zum Geb\u00e4ude.<\/p>\n\t\t<\/div>\n\t\t\t\t\t<div class=\"elementor-post__read-more-wrapper\">\n\t\t\n\t\t<a class=\"elementor-post__read-more\" href=\"https:\/\/www.smilinggecko.de\/de\/stimme\/\" >\n\t\t\t&gt; Weiterlesen\t\t<\/a>\n\n\t\t\t\t\t<\/div>\n\t\t\t\t<\/div>\n\t\t\t\t<\/article>\n\t\t\t\t<article class=\"elementor-post elementor-grid-item post-13928 post type-post status-publish format-standard has-post-thumbnail hentry category-handwerk-und-produktion\">\n\t\t\t\t<a class=\"elementor-post__thumbnail__link\" href=\"https:\/\/www.smilinggecko.de\/de\/metallbauwerkstatt\/\" >\n\t\t\t<div class=\"elementor-post__thumbnail\"><img loading=\"lazy\" decoding=\"async\" width=\"850\" height=\"580\" src=\"https:\/\/www.smilinggecko.de\/wp-content\/uploads\/2024\/02\/Metallwerkstatt-850x580.jpg\" class=\"attachment-fundor-featured-image-large size-fundor-featured-image-large\" alt=\"\" \/><\/div>\n\t\t<\/a>\n\t\t\t\t<div class=\"elementor-post__text\">\n\t\t\t\t<h3 class=\"elementor-post__title\">\n\t\t\t<a href=\"https:\/\/www.smilinggecko.de\/de\/metallbauwerkstatt\/\" >\n\t\t\t\tUnsere Metallbauwerkstatt steht kurz vor der Er\u00f6ffnung\t\t\t<\/a>\n\t\t<\/h3>\n\t\t\t\t<div class=\"elementor-post__meta-data\">\n\t\t\t\t\t<span class=\"elementor-post-date\">\n\t\t\tFebruar 20, 2024\t\t<\/span>\n\t\t\t\t<\/div>\n\t\t\t\t<div class=\"elementor-post__excerpt\">\n\t\t\t<p>Bereits im letzten Jahr angek\u00fcndigt, ist es jetzt endlich soweit: Die Container mit der Einrichtung unserer Metallbauwerkstatt sind da. Wir haben den freudigen Tag gefilmt. Einfach mal reinschauen.<\/p>\n\t\t<\/div>\n\t\t\t\t\t<div class=\"elementor-post__read-more-wrapper\">\n\t\t\n\t\t<a class=\"elementor-post__read-more\" href=\"https:\/\/www.smilinggecko.de\/de\/metallbauwerkstatt\/\" >\n\t\t\t&gt; Weiterlesen\t\t<\/a>\n\n\t\t\t\t\t<\/div>\n\t\t\t\t<\/div>\n\t\t\t\t<\/article>\n\t\t\t\t<article class=\"elementor-post elementor-grid-item post-13733 post type-post status-publish format-standard has-post-thumbnail hentry category-schule-und-kindergarten\">\n\t\t\t\t<a class=\"elementor-post__thumbnail__link\" href=\"https:\/\/www.smilinggecko.de\/de\/see-you-again\/\" >\n\t\t\t<div class=\"elementor-post__thumbnail\"><img loading=\"lazy\" decoding=\"async\" width=\"850\" height=\"580\" src=\"https:\/\/www.smilinggecko.de\/wp-content\/uploads\/2023\/11\/See-you-again-Beitragsbild-scaled-1-850x580.jpg\" class=\"attachment-fundor-featured-image-large size-fundor-featured-image-large\" alt=\"\" \/><\/div>\n\t\t<\/a>\n\t\t\t\t<div class=\"elementor-post__text\">\n\t\t\t\t<h3 class=\"elementor-post__title\">\n\t\t\t<a href=\"https:\/\/www.smilinggecko.de\/de\/see-you-again\/\" >\n\t\t\t\tMusikvideo \u00abSee You Again\u00bb\t\t\t<\/a>\n\t\t<\/h3>\n\t\t\t\t<div class=\"elementor-post__meta-data\">\n\t\t\t\t\t<span class=\"elementor-post-date\">\n\t\t\tDezember 6, 2023\t\t<\/span>\n\t\t\t\t<\/div>\n\t\t\t\t<div class=\"elementor-post__excerpt\">\n\t\t\t<p>Die \u00abSmiling Gecko Campus Singers\u00bb haben einen neuen Song einstudiert und ein tolles Video aufgenommen. Das m\u00fcssen Sie sich unbedingt ansehen und anh\u00f6ren.<\/p>\n\t\t<\/div>\n\t\t\t\t\t<div class=\"elementor-post__read-more-wrapper\">\n\t\t\n\t\t<a class=\"elementor-post__read-more\" href=\"https:\/\/www.smilinggecko.de\/de\/see-you-again\/\" >\n\t\t\t&gt; Weiterlesen\t\t<\/a>\n\n\t\t\t\t\t<\/div>\n\t\t\t\t<\/div>\n\t\t\t\t<\/article>\n\t\t\t\t<article class=\"elementor-post elementor-grid-item post-13748 post type-post status-publish format-standard has-post-thumbnail hentry category-unkategorisiert\">\n\t\t\t\t<a class=\"elementor-post__thumbnail__link\" href=\"https:\/\/www.smilinggecko.de\/de\/kulturbaustelle\/\" >\n\t\t\t<div class=\"elementor-post__thumbnail\"><img loading=\"lazy\" decoding=\"async\" width=\"850\" height=\"580\" src=\"https:\/\/www.smilinggecko.de\/wp-content\/uploads\/2023\/11\/House-of-Culture-Music-Beitrag-850x580.jpg\" class=\"attachment-fundor-featured-image-large size-fundor-featured-image-large\" alt=\"\" \/><\/div>\n\t\t<\/a>\n\t\t\t\t<div class=\"elementor-post__text\">\n\t\t\t\t<h3 class=\"elementor-post__title\">\n\t\t\t<a href=\"https:\/\/www.smilinggecko.de\/de\/kulturbaustelle\/\" >\n\t\t\t\tUnsere Kulturbaustelle\t\t\t<\/a>\n\t\t<\/h3>\n\t\t\t\t<div class=\"elementor-post__meta-data\">\n\t\t\t\t\t<span class=\"elementor-post-date\">\n\t\t\tDezember 4, 2023\t\t<\/span>\n\t\t\t\t<\/div>\n\t\t\t\t<div class=\"elementor-post__excerpt\">\n\t\t\t<p>In unserem Newsarchiv gibt es jetzt eine Fotosammlung zum Baufortschritt des \u00abHouse of Culture and Music\u00bb, das wir regelm\u00e4ssig updaten. Schauen Sie doch mal rein.<\/p>\n\t\t<\/div>\n\t\t\t\t\t<div class=\"elementor-post__read-more-wrapper\">\n\t\t\n\t\t<a class=\"elementor-post__read-more\" href=\"https:\/\/www.smilinggecko.de\/de\/kulturbaustelle\/\" >\n\t\t\t&gt; Weiterlesen\t\t<\/a>\n\n\t\t\t\t\t<\/div>\n\t\t\t\t<\/div>\n\t\t\t\t<\/article>\n\t\t\t\t<article class=\"elementor-post elementor-grid-item post-13565 post type-post status-publish format-standard has-post-thumbnail hentry category-schule-und-kindergarten\">\n\t\t\t\t<a class=\"elementor-post__thumbnail__link\" href=\"https:\/\/www.smilinggecko.de\/de\/neue-schueler\/\" >\n\t\t\t<div class=\"elementor-post__thumbnail\"><img loading=\"lazy\" decoding=\"async\" width=\"850\" height=\"580\" src=\"https:\/\/www.smilinggecko.de\/wp-content\/uploads\/2023\/10\/A88I1287-scaled-1-850x580.jpg\" class=\"attachment-fundor-featured-image-large size-fundor-featured-image-large\" alt=\"\" \/><\/div>\n\t\t<\/a>\n\t\t\t\t<div class=\"elementor-post__text\">\n\t\t\t\t<h3 class=\"elementor-post__title\">\n\t\t\t<a href=\"https:\/\/www.smilinggecko.de\/de\/neue-schueler\/\" >\n\t\t\t\tHurra: Die Neuen sind da!\t\t\t<\/a>\n\t\t<\/h3>\n\t\t\t\t<div class=\"elementor-post__meta-data\">\n\t\t\t\t\t<span class=\"elementor-post-date\">\n\t\t\tOktober 5, 2023\t\t<\/span>\n\t\t\t\t<\/div>\n\t\t\t\t<div class=\"elementor-post__excerpt\">\n\t\t\t<p>In Kambodscha hat die Schule wieder begonnen. F\u00fcr rund 100 der Kleinsten beginnt ein neuer Abschnitt in ihrem Leben, f\u00fcr 50 der \u00c4lteren startet hingegen das Abenteuer Mittelschule. Stolz sind wir auf alle.<\/p>\n\t\t<\/div>\n\t\t\t\t\t<div class=\"elementor-post__read-more-wrapper\">\n\t\t\n\t\t<a class=\"elementor-post__read-more\" href=\"https:\/\/www.smilinggecko.de\/de\/neue-schueler\/\" >\n\t\t\t&gt; Weiterlesen\t\t<\/a>\n\n\t\t\t\t\t<\/div>\n\t\t\t\t<\/div>\n\t\t\t\t<\/article>\n\t\t\t\t<\/div>\n\n\n\t\t\t\t\t<span class=\"e-load-more-spinner\">\n\t\t\t\t<i aria-hidden=\"true\" class=\"fas fa-spinner\"><\/i>\t\t\t<\/span>\n\t\t\n\t\t\t\t<div class=\"e-load-more-anchor\" data-page=\"1\" data-max-page=\"4\" data-next-page=\"https:\/\/www.smilinggecko.de\/de\/wp-json\/wp\/v2\/pages\/6245\/page\/2\/\"><\/div>\n\t\t\t\t<div class=\"e-load-more-message\"><\/div>\n\t\t\t\t<\/div>\n\t\t\t\t<\/div>\n\t\t\t\t\t\t<\/div>\n\t\t\t\t\t<\/div>\n\t\t<\/div>\n\t\t\t\t\t\t\t\t<\/div>\n\t\t\t\t\t<\/div>\n\t\t<\/section>\n\t\t\t\t\t\t\t\t\t<\/div>\n\t\t\t<\/div>\n\t\t\t\t\t<\/div>\n\t\t","protected":false},"excerpt":{"rendered":"<p>Smiling Gecko News Aktuelles von oder \u00fcber uns Ob schnelle News zwischendurch, eigene Presseaussendung oder externer TV- und Zeitungsbericht: Auf dieser Seite sammeln wir f\u00fcr Sie alle Neuigkeiten, die etwas mit unserem Campus, den grossartigen Menschen in Kambodscha oder Smiling Gecko als Organisation zu tun haben.<\/p>\n","protected":false},"author":3,"featured_media":0,"parent":0,"menu_order":0,"comment_status":"closed","ping_status":"closed","template":"","meta":{"om_disable_all_campaigns":false,"inline_featured_image":false,"_monsterinsights_skip_tracking":false,"_monsterinsights_sitenote_active":false,"_monsterinsights_sitenote_note":"","_monsterinsights_sitenote_category":0,"footnotes":""},"class_list":["post-6245","page","type-page","status-publish","hentry"],"acf":[],"aioseo_notices":[],"_links":{"self":[{"href":"https:\/\/www.smilinggecko.de\/de\/wp-json\/wp\/v2\/pages\/6245","targetHints":{"allow":["GET"]}}],"collection":[{"href":"https:\/\/www.smilinggecko.de\/de\/wp-json\/wp\/v2\/pages"}],"about":[{"href":"https:\/\/www.smilinggecko.de\/de\/wp-json\/wp\/v2\/types\/page"}],"author":[{"embeddable":true,"href":"https:\/\/www.smilinggecko.de\/de\/wp-json\/wp\/v2\/users\/3"}],"replies":[{"embeddable":true,"href":"https:\/\/www.smilinggecko.de\/de\/wp-json\/wp\/v2\/comments?post=6245"}],"version-history":[{"count":150,"href":"https:\/\/www.smilinggecko.de\/de\/wp-json\/wp\/v2\/pages\/6245\/revisions"}],"predecessor-version":[{"id":12358,"href":"https:\/\/www.smilinggecko.de\/de\/wp-json\/wp\/v2\/pages\/6245\/revisions\/12358"}],"wp:attachment":[{"href":"https:\/\/www.smilinggecko.de\/de\/wp-json\/wp\/v2\/media?parent=6245"}],"curies":[{"name":"wp","href":"https:\/\/api.w.org\/{rel}","templated":true}]}}