{"id":6563,"date":"2022-07-29T07:37:28","date_gmt":"2022-07-29T07:37:28","guid":{"rendered":"https:\/\/www.smilinggecko.de\/?page_id=6563"},"modified":"2026-04-23T13:21:45","modified_gmt":"2026-04-23T13:21:45","slug":"mit-uns-sprechen","status":"publish","type":"page","link":"https:\/\/www.smilinggecko.de\/de\/mit-uns-sprechen\/","title":{"rendered":"Mit uns sprechen"},"content":{"rendered":"\t\t<div data-elementor-type=\"wp-page\" data-elementor-id=\"6563\" class=\"elementor elementor-6563\">\n\t\t\t\t\t\t<div class=\"elementor-inner\">\n\t\t\t\t<div class=\"elementor-section-wrap\">\n\t\t\t\t\t\t\t\t\t<section class=\"elementor-section elementor-top-section elementor-element elementor-element-19db98b9 elementor-section-boxed elementor-section-height-default elementor-section-height-default\" data-id=\"19db98b9\" data-element_type=\"section\">\n\t\t\t\t\t\t<div class=\"elementor-container elementor-column-gap-default\">\n\t\t\t\t\t\t\t<div class=\"elementor-row\">\n\t\t\t\t\t<div class=\"elementor-column elementor-col-100 elementor-top-column elementor-element elementor-element-393e4a31\" data-id=\"393e4a31\" data-element_type=\"column\">\n\t\t\t<div class=\"elementor-column-wrap elementor-element-populated\">\n\t\t\t\t\t\t\t<div class=\"elementor-widget-wrap\">\n\t\t\t\t\t\t<div class=\"elementor-element elementor-element-14d6533d elementor-widget elementor-widget-text-editor\" data-id=\"14d6533d\" data-element_type=\"widget\" data-widget_type=\"text-editor.default\">\n\t\t\t\t<div class=\"elementor-widget-container\">\n\t\t\t        <div class=\"elementor-text-editor elementor-clearfix\"><p>Sprechen Sie mit uns<\/p><\/div>\n        \t\t<\/div>\n\t\t\t\t<\/div>\n\t\t\t\t<div class=\"elementor-element elementor-element-4052bced elementor-widget elementor-widget-heading\" data-id=\"4052bced\" data-element_type=\"widget\" data-widget_type=\"heading.default\">\n\t\t\t\t<div class=\"elementor-widget-container\">\n\t\t\t<h1 class=\"elementor-heading-title elementor-size-default\">Wir freuen uns auf den Austausch mit ihnen<\/h1>\t\t<\/div>\n\t\t\t\t<\/div>\n\t\t\t\t\t\t<\/div>\n\t\t\t\t\t<\/div>\n\t\t<\/div>\n\t\t\t\t\t\t\t\t<\/div>\n\t\t\t\t\t<\/div>\n\t\t<\/section>\n\t\t\t\t<section class=\"elementor-section elementor-top-section elementor-element elementor-element-28ab3b4b elementor-section-boxed elementor-section-height-default elementor-section-height-default\" data-id=\"28ab3b4b\" data-element_type=\"section\">\n\t\t\t\t\t\t<div class=\"elementor-container elementor-column-gap-default\">\n\t\t\t\t\t\t\t<div class=\"elementor-row\">\n\t\t\t\t\t<div class=\"elementor-column elementor-col-100 elementor-top-column elementor-element elementor-element-1abe6366\" data-id=\"1abe6366\" data-element_type=\"column\">\n\t\t\t<div class=\"elementor-column-wrap elementor-element-populated\">\n\t\t\t\t\t\t\t<div class=\"elementor-widget-wrap\">\n\t\t\t\t\t\t<div class=\"elementor-element elementor-element-501ff6eb elementor-widget elementor-widget-text-editor\" data-id=\"501ff6eb\" data-element_type=\"widget\" data-widget_type=\"text-editor.default\">\n\t\t\t\t<div class=\"elementor-widget-container\">\n\t\t\t        <div class=\"elementor-text-editor elementor-clearfix\"><p>Wenn Sie mehr \u00fcber Smiling Gecko und den Smiling Gecko Campus erfahren wollen, ein ganz pers\u00f6nliches Anliegen haben oder zum Beispiel an einem Vortrag von Hannes Schmid teilnehmen m\u00f6chten, sind wir gerne f\u00fcr Sie da.<\/p><\/div>\n        \t\t<\/div>\n\t\t\t\t<\/div>\n\t\t\t\t<div class=\"elementor-element elementor-element-cd39d90 elementor-widget elementor-widget-text-editor\" data-id=\"cd39d90\" data-element_type=\"widget\" data-widget_type=\"text-editor.default\">\n\t\t\t\t<div class=\"elementor-widget-container\">\n\t\t\t        <div class=\"elementor-text-editor elementor-clearfix\"><p>Senden Sie uns einfach eine E-Mail oder rufen Sie uns an. Wir freuen uns auf den Austausch mit Ihnen!<\/p><\/div>\n        \t\t<\/div>\n\t\t\t\t<\/div>\n\t\t\t\t\t\t<\/div>\n\t\t\t\t\t<\/div>\n\t\t<\/div>\n\t\t\t\t\t\t\t\t<\/div>\n\t\t\t\t\t<\/div>\n\t\t<\/section>\n\t\t\t\t<section class=\"elementor-section elementor-top-section elementor-element elementor-element-f0f5ca4 elementor-section-boxed elementor-section-height-default elementor-section-height-default\" data-id=\"f0f5ca4\" data-element_type=\"section\" data-settings=\"{&quot;background_background&quot;:&quot;classic&quot;}\">\n\t\t\t\t\t\t<div class=\"elementor-container elementor-column-gap-default\">\n\t\t\t\t\t\t\t<div class=\"elementor-row\">\n\t\t\t\t\t<div class=\"elementor-column elementor-col-100 elementor-top-column elementor-element elementor-element-bbfcd73\" data-id=\"bbfcd73\" data-element_type=\"column\">\n\t\t\t<div class=\"elementor-column-wrap elementor-element-populated\">\n\t\t\t\t\t\t\t<div class=\"elementor-widget-wrap\">\n\t\t\t\t\t\t<div class=\"elementor-element elementor-element-c6eb0cd elementor-widget elementor-widget-text-editor\" data-id=\"c6eb0cd\" data-element_type=\"widget\" data-widget_type=\"text-editor.default\">\n\t\t\t\t<div class=\"elementor-widget-container\">\n\t\t\t        <div class=\"elementor-text-editor elementor-clearfix\"><p>Ihre Ansprechpartnerinnen und Ansprechpartner bei Smiling Gecko:<\/p><\/div>\n        \t\t<\/div>\n\t\t\t\t<\/div>\n\t\t\t\t\t\t<\/div>\n\t\t\t\t\t<\/div>\n\t\t<\/div>\n\t\t\t\t\t\t\t\t<\/div>\n\t\t\t\t\t<\/div>\n\t\t<\/section>\n\t\t\t\t<section class=\"elementor-section elementor-top-section elementor-element elementor-element-ad3278b elementor-section-content-middle elementor-section-stretched elementor-section-boxed elementor-section-height-default elementor-section-height-default\" data-id=\"ad3278b\" data-element_type=\"section\" data-settings=\"{&quot;stretch_section&quot;:&quot;section-stretched&quot;}\">\n\t\t\t\t\t\t<div class=\"elementor-container elementor-column-gap-no\">\n\t\t\t\t\t\t\t<div class=\"elementor-row\">\n\t\t\t\t\t<div class=\"elementor-column elementor-col-50 elementor-top-column elementor-element elementor-element-125c8c4\" data-id=\"125c8c4\" data-element_type=\"column\" data-settings=\"{&quot;background_background&quot;:&quot;classic&quot;}\">\n\t\t\t<div class=\"elementor-column-wrap elementor-element-populated\">\n\t\t\t\t\t\t\t<div class=\"elementor-widget-wrap\">\n\t\t\t\t\t\t<div class=\"elementor-element elementor-element-939bdae elementor-widget elementor-widget-text-editor\" data-id=\"939bdae\" data-element_type=\"widget\" data-widget_type=\"text-editor.default\">\n\t\t\t\t<div class=\"elementor-widget-container\">\n\t\t\t        <div class=\"elementor-text-editor elementor-clearfix\"><div>F\u00fcr Kooperationen und Partnerschaften<\/div><\/div>\n        \t\t<\/div>\n\t\t\t\t<\/div>\n\t\t\t\t<div class=\"elementor-element elementor-element-6170ffc elementor-vertical-align-middle elementor-position-top imagebox-svg-transform-none elementor-widget elementor-widget-image-box\" data-id=\"6170ffc\" data-element_type=\"widget\" data-widget_type=\"image-box.default\">\n\t\t\t\t<div class=\"elementor-widget-container\">\n\t\t\t<div class=\"elementor-image-box-wrapper\"><div class=\"elementor-image-framed\"><figure class=\"elementor-image-box-img\"><img loading=\"lazy\" decoding=\"async\" width=\"500\" height=\"500\" src=\"https:\/\/www.smilinggecko.de\/wp-content\/uploads\/2022\/08\/Schmid.png\" class=\"attachment-full size-full\" alt=\"\" srcset=\"https:\/\/www.smilinggecko.de\/wp-content\/uploads\/2022\/08\/Schmid.png 500w, https:\/\/www.smilinggecko.de\/wp-content\/uploads\/2022\/08\/Schmid-300x300.png 300w, https:\/\/www.smilinggecko.de\/wp-content\/uploads\/2022\/08\/Schmid-150x150.png 150w, https:\/\/www.smilinggecko.de\/wp-content\/uploads\/2022\/08\/Schmid-400x400.png 400w, https:\/\/www.smilinggecko.de\/wp-content\/uploads\/2022\/08\/Schmid-160x160.png 160w, https:\/\/www.smilinggecko.de\/wp-content\/uploads\/2022\/08\/Schmid-100x100.png 100w\" sizes=\"auto, (max-width: 500px) 100vw, 500px\" \/><\/figure><\/div><div class=\"elementor-image-box-content\"><h3 class=\"elementor-image-box-title\">Hannes Schmid<\/h3><p class=\"elementor-image-box-description\">Gr\u00fcnder Smiling Gecko<\/p><\/div><\/div>\t\t<\/div>\n\t\t\t\t<\/div>\n\t\t\t\t<div class=\"elementor-element elementor-element-5865894 elementor-widget elementor-widget-text-editor\" data-id=\"5865894\" data-element_type=\"widget\" data-widget_type=\"text-editor.default\">\n\t\t\t\t<div class=\"elementor-widget-container\">\n\t\t\t        <div class=\"elementor-text-editor elementor-clearfix\"><p><span style=\"text-decoration: underline;\"><strong><a href=\"mailto:info@smilinggecko.ch\">info(at)smilinggecko.ch<\/a><\/strong><\/span><\/p><\/div>\n        \t\t<\/div>\n\t\t\t\t<\/div>\n\t\t\t\t\t\t<\/div>\n\t\t\t\t\t<\/div>\n\t\t<\/div>\n\t\t\t\t<div class=\"elementor-column elementor-col-50 elementor-top-column elementor-element elementor-element-bb67649\" data-id=\"bb67649\" data-element_type=\"column\" data-settings=\"{&quot;background_background&quot;:&quot;classic&quot;}\">\n\t\t\t<div class=\"elementor-column-wrap elementor-element-populated\">\n\t\t\t\t\t\t\t<div class=\"elementor-widget-wrap\">\n\t\t\t\t\t\t<div class=\"elementor-element elementor-element-7086833 elementor-widget elementor-widget-text-editor\" data-id=\"7086833\" data-element_type=\"widget\" data-widget_type=\"text-editor.default\">\n\t\t\t\t<div class=\"elementor-widget-container\">\n\t\t\t        <div class=\"elementor-text-editor elementor-clearfix\"><p>Bei allen Anfragen von Stiftungen<\/p><\/div>\n        \t\t<\/div>\n\t\t\t\t<\/div>\n\t\t\t\t<div class=\"elementor-element elementor-element-ddf3f62 elementor-vertical-align-middle elementor-position-top imagebox-svg-transform-none elementor-widget elementor-widget-image-box\" data-id=\"ddf3f62\" data-element_type=\"widget\" data-widget_type=\"image-box.default\">\n\t\t\t\t<div class=\"elementor-widget-container\">\n\t\t\t<div class=\"elementor-image-box-wrapper\"><div class=\"elementor-image-framed\"><figure class=\"elementor-image-box-img\"><img loading=\"lazy\" decoding=\"async\" width=\"500\" height=\"500\" src=\"https:\/\/www.smilinggecko.de\/wp-content\/uploads\/2022\/07\/Biner.png\" class=\"attachment-full size-full\" alt=\"\" srcset=\"https:\/\/www.smilinggecko.de\/wp-content\/uploads\/2022\/07\/Biner.png 500w, https:\/\/www.smilinggecko.de\/wp-content\/uploads\/2022\/07\/Biner-300x300.png 300w, https:\/\/www.smilinggecko.de\/wp-content\/uploads\/2022\/07\/Biner-150x150.png 150w, https:\/\/www.smilinggecko.de\/wp-content\/uploads\/2022\/07\/Biner-400x400.png 400w, https:\/\/www.smilinggecko.de\/wp-content\/uploads\/2022\/07\/Biner-160x160.png 160w, https:\/\/www.smilinggecko.de\/wp-content\/uploads\/2022\/07\/Biner-100x100.png 100w\" sizes=\"auto, (max-width: 500px) 100vw, 500px\" \/><\/figure><\/div><div class=\"elementor-image-box-content\"><h3 class=\"elementor-image-box-title\">Alain Biner<\/h3><p class=\"elementor-image-box-description\">CEO<\/p><\/div><\/div>\t\t<\/div>\n\t\t\t\t<\/div>\n\t\t\t\t<div class=\"elementor-element elementor-element-d1a1788 elementor-widget elementor-widget-text-editor\" data-id=\"d1a1788\" data-element_type=\"widget\" data-widget_type=\"text-editor.default\">\n\t\t\t\t<div class=\"elementor-widget-container\">\n\t\t\t        <div class=\"elementor-text-editor elementor-clearfix\"><p><span style=\"text-decoration: underline;\"><strong><a href=\"mailto:biner@smilinggecko.ch\">biner(at)smilinggecko.ch<\/a><\/strong><\/span><\/p><\/div>\n        \t\t<\/div>\n\t\t\t\t<\/div>\n\t\t\t\t\t\t<\/div>\n\t\t\t\t\t<\/div>\n\t\t<\/div>\n\t\t\t\t\t\t\t\t<\/div>\n\t\t\t\t\t<\/div>\n\t\t<\/section>\n\t\t\t\t<section class=\"elementor-section elementor-top-section elementor-element elementor-element-6ed2c8a elementor-section-content-middle elementor-section-stretched elementor-section-boxed elementor-section-height-default elementor-section-height-default\" data-id=\"6ed2c8a\" data-element_type=\"section\" data-settings=\"{&quot;stretch_section&quot;:&quot;section-stretched&quot;}\">\n\t\t\t\t\t\t<div class=\"elementor-container elementor-column-gap-no\">\n\t\t\t\t\t\t\t<div class=\"elementor-row\">\n\t\t\t\t\t<div class=\"elementor-column elementor-col-50 elementor-top-column elementor-element elementor-element-e6c28ab\" data-id=\"e6c28ab\" data-element_type=\"column\" data-settings=\"{&quot;background_background&quot;:&quot;classic&quot;}\">\n\t\t\t<div class=\"elementor-column-wrap elementor-element-populated\">\n\t\t\t\t\t\t\t<div class=\"elementor-widget-wrap\">\n\t\t\t\t\t\t<div class=\"elementor-element elementor-element-6993f8b elementor-widget elementor-widget-text-editor\" data-id=\"6993f8b\" data-element_type=\"widget\" data-widget_type=\"text-editor.default\">\n\t\t\t\t<div class=\"elementor-widget-container\">\n\t\t\t        <div class=\"elementor-text-editor elementor-clearfix\"><div>F\u00fcr den Bereich Fundraising<\/div><\/div>\n        \t\t<\/div>\n\t\t\t\t<\/div>\n\t\t\t\t<div class=\"elementor-element elementor-element-36b1cf9 elementor-vertical-align-middle elementor-position-top imagebox-svg-transform-none elementor-widget elementor-widget-image-box\" data-id=\"36b1cf9\" data-element_type=\"widget\" data-widget_type=\"image-box.default\">\n\t\t\t\t<div class=\"elementor-widget-container\">\n\t\t\t<div class=\"elementor-image-box-wrapper\"><div class=\"elementor-image-framed\"><figure class=\"elementor-image-box-img\"><img loading=\"lazy\" decoding=\"async\" width=\"500\" height=\"500\" src=\"https:\/\/www.smilinggecko.de\/wp-content\/uploads\/2025\/07\/Julian-Cramer-rund.png\" class=\"attachment-full size-full\" alt=\"\" srcset=\"https:\/\/www.smilinggecko.de\/wp-content\/uploads\/2025\/07\/Julian-Cramer-rund.png 500w, https:\/\/www.smilinggecko.de\/wp-content\/uploads\/2025\/07\/Julian-Cramer-rund-300x300.png 300w, https:\/\/www.smilinggecko.de\/wp-content\/uploads\/2025\/07\/Julian-Cramer-rund-150x150.png 150w, https:\/\/www.smilinggecko.de\/wp-content\/uploads\/2025\/07\/Julian-Cramer-rund-400x400.png 400w, https:\/\/www.smilinggecko.de\/wp-content\/uploads\/2025\/07\/Julian-Cramer-rund-160x160.png 160w, https:\/\/www.smilinggecko.de\/wp-content\/uploads\/2025\/07\/Julian-Cramer-rund-100x100.png 100w\" sizes=\"auto, (max-width: 500px) 100vw, 500px\" \/><\/figure><\/div><div class=\"elementor-image-box-content\"><h3 class=\"elementor-image-box-title\">Julian Cramer<\/h3><p class=\"elementor-image-box-description\">Head of Fundraising<\/p><\/div><\/div>\t\t<\/div>\n\t\t\t\t<\/div>\n\t\t\t\t<div class=\"elementor-element elementor-element-1d30382 elementor-widget elementor-widget-text-editor\" data-id=\"1d30382\" data-element_type=\"widget\" data-widget_type=\"text-editor.default\">\n\t\t\t\t<div class=\"elementor-widget-container\">\n\t\t\t        <div class=\"elementor-text-editor elementor-clearfix\"><p><span style=\"text-decoration: underline;\"><strong><a href=\"mailto:cramer@smilinggecko.de\">cramer(at)smilinggecko.de<\/a><\/strong><\/span><\/p><\/div>\n        \t\t<\/div>\n\t\t\t\t<\/div>\n\t\t\t\t\t\t<\/div>\n\t\t\t\t\t<\/div>\n\t\t<\/div>\n\t\t\t\t<div class=\"elementor-column elementor-col-50 elementor-top-column elementor-element elementor-element-09748f6\" data-id=\"09748f6\" data-element_type=\"column\" data-settings=\"{&quot;background_background&quot;:&quot;classic&quot;}\">\n\t\t\t<div class=\"elementor-column-wrap elementor-element-populated\">\n\t\t\t\t\t\t\t<div class=\"elementor-widget-wrap\">\n\t\t\t\t\t\t<div class=\"elementor-element elementor-element-68797e5 elementor-widget elementor-widget-text-editor\" data-id=\"68797e5\" data-element_type=\"widget\" data-widget_type=\"text-editor.default\">\n\t\t\t\t<div class=\"elementor-widget-container\">\n\t\t\t        <div class=\"elementor-text-editor elementor-clearfix\"><div>Wenn es um das Thema\u00a0Kommunikation geht<\/div><\/div>\n        \t\t<\/div>\n\t\t\t\t<\/div>\n\t\t\t\t<div class=\"elementor-element elementor-element-f1a465a elementor-vertical-align-middle elementor-position-top imagebox-svg-transform-none elementor-widget elementor-widget-image-box\" data-id=\"f1a465a\" data-element_type=\"widget\" data-widget_type=\"image-box.default\">\n\t\t\t\t<div class=\"elementor-widget-container\">\n\t\t\t<div class=\"elementor-image-box-wrapper\"><div class=\"elementor-image-framed\"><figure class=\"elementor-image-box-img\"><img loading=\"lazy\" decoding=\"async\" width=\"500\" height=\"500\" src=\"https:\/\/www.smilinggecko.de\/wp-content\/uploads\/2022\/07\/Bewersdorff.png\" class=\"attachment-full size-full\" alt=\"\" srcset=\"https:\/\/www.smilinggecko.de\/wp-content\/uploads\/2022\/07\/Bewersdorff.png 500w, https:\/\/www.smilinggecko.de\/wp-content\/uploads\/2022\/07\/Bewersdorff-300x300.png 300w, https:\/\/www.smilinggecko.de\/wp-content\/uploads\/2022\/07\/Bewersdorff-150x150.png 150w, https:\/\/www.smilinggecko.de\/wp-content\/uploads\/2022\/07\/Bewersdorff-400x400.png 400w, https:\/\/www.smilinggecko.de\/wp-content\/uploads\/2022\/07\/Bewersdorff-160x160.png 160w, https:\/\/www.smilinggecko.de\/wp-content\/uploads\/2022\/07\/Bewersdorff-100x100.png 100w\" sizes=\"auto, (max-width: 500px) 100vw, 500px\" \/><\/figure><\/div><div class=\"elementor-image-box-content\"><h3 class=\"elementor-image-box-title\">J\u00f6rg Bewersdorff<\/h3><p class=\"elementor-image-box-description\">CCO<\/p><\/div><\/div>\t\t<\/div>\n\t\t\t\t<\/div>\n\t\t\t\t<div class=\"elementor-element elementor-element-044d14a elementor-widget elementor-widget-text-editor\" data-id=\"044d14a\" data-element_type=\"widget\" data-widget_type=\"text-editor.default\">\n\t\t\t\t<div class=\"elementor-widget-container\">\n\t\t\t        <div class=\"elementor-text-editor elementor-clearfix\"><p><span style=\"text-decoration: underline;\"><strong><a href=\"mailto:bewersdorff@smilinggecko.ch\">bewersdorff(at)smilinggecko.ch<\/a><\/strong><\/span><\/p><\/div>\n        \t\t<\/div>\n\t\t\t\t<\/div>\n\t\t\t\t\t\t<\/div>\n\t\t\t\t\t<\/div>\n\t\t<\/div>\n\t\t\t\t\t\t\t\t<\/div>\n\t\t\t\t\t<\/div>\n\t\t<\/section>\n\t\t\t\t<section class=\"elementor-section elementor-top-section elementor-element elementor-element-4e3532a elementor-section-content-middle elementor-section-stretched elementor-section-boxed elementor-section-height-default elementor-section-height-default\" data-id=\"4e3532a\" data-element_type=\"section\" data-settings=\"{&quot;stretch_section&quot;:&quot;section-stretched&quot;}\">\n\t\t\t\t\t\t<div class=\"elementor-container elementor-column-gap-no\">\n\t\t\t\t\t\t\t<div class=\"elementor-row\">\n\t\t\t\t\t<div class=\"elementor-column elementor-col-50 elementor-top-column elementor-element elementor-element-0eefef3\" data-id=\"0eefef3\" data-element_type=\"column\" data-settings=\"{&quot;background_background&quot;:&quot;classic&quot;}\">\n\t\t\t<div class=\"elementor-column-wrap elementor-element-populated\">\n\t\t\t\t\t\t\t<div class=\"elementor-widget-wrap\">\n\t\t\t\t\t\t<div class=\"elementor-element elementor-element-b953119 elementor-widget elementor-widget-text-editor\" data-id=\"b953119\" data-element_type=\"widget\" data-widget_type=\"text-editor.default\">\n\t\t\t\t<div class=\"elementor-widget-container\">\n\t\t\t        <div class=\"elementor-text-editor elementor-clearfix\"><div>Bei allgemeinen Fragen sowie Informationen zu Stellenausschreibungen in Kambodscha<\/div><\/div>\n        \t\t<\/div>\n\t\t\t\t<\/div>\n\t\t\t\t<div class=\"elementor-element elementor-element-369d18e elementor-vertical-align-middle elementor-position-top imagebox-svg-transform-none elementor-widget elementor-widget-image-box\" data-id=\"369d18e\" data-element_type=\"widget\" data-widget_type=\"image-box.default\">\n\t\t\t\t<div class=\"elementor-widget-container\">\n\t\t\t<div class=\"elementor-image-box-wrapper\"><div class=\"elementor-image-framed\"><figure class=\"elementor-image-box-img\"><img loading=\"lazy\" decoding=\"async\" width=\"500\" height=\"500\" src=\"https:\/\/www.smilinggecko.de\/wp-content\/uploads\/2022\/07\/HEMSCHEMEIER.png\" class=\"attachment-full size-full\" alt=\"\" srcset=\"https:\/\/www.smilinggecko.de\/wp-content\/uploads\/2022\/07\/HEMSCHEMEIER.png 500w, https:\/\/www.smilinggecko.de\/wp-content\/uploads\/2022\/07\/HEMSCHEMEIER-300x300.png 300w, https:\/\/www.smilinggecko.de\/wp-content\/uploads\/2022\/07\/HEMSCHEMEIER-150x150.png 150w, https:\/\/www.smilinggecko.de\/wp-content\/uploads\/2022\/07\/HEMSCHEMEIER-400x400.png 400w, https:\/\/www.smilinggecko.de\/wp-content\/uploads\/2022\/07\/HEMSCHEMEIER-160x160.png 160w, https:\/\/www.smilinggecko.de\/wp-content\/uploads\/2022\/07\/HEMSCHEMEIER-100x100.png 100w\" sizes=\"auto, (max-width: 500px) 100vw, 500px\" \/><\/figure><\/div><div class=\"elementor-image-box-content\"><h3 class=\"elementor-image-box-title\">Thomas Hemschemeier<\/h3><p class=\"elementor-image-box-description\">COO<\/p><\/div><\/div>\t\t<\/div>\n\t\t\t\t<\/div>\n\t\t\t\t<div class=\"elementor-element elementor-element-b9e6d8d elementor-widget elementor-widget-text-editor\" data-id=\"b9e6d8d\" data-element_type=\"widget\" data-widget_type=\"text-editor.default\">\n\t\t\t\t<div class=\"elementor-widget-container\">\n\t\t\t        <div class=\"elementor-text-editor elementor-clearfix\"><p><span style=\"text-decoration: underline;\"><strong><a href=\"mailto:hemschemeier@smilinggecko.ch\">hemschemeier(at)smilinggecko.ch<\/a><\/strong><\/span><\/p><\/div>\n        \t\t<\/div>\n\t\t\t\t<\/div>\n\t\t\t\t\t\t<\/div>\n\t\t\t\t\t<\/div>\n\t\t<\/div>\n\t\t\t\t<div class=\"elementor-column elementor-col-50 elementor-top-column elementor-element elementor-element-349a39e\" data-id=\"349a39e\" data-element_type=\"column\" data-settings=\"{&quot;background_background&quot;:&quot;classic&quot;}\">\n\t\t\t<div class=\"elementor-column-wrap\">\n\t\t\t\t\t\t\t<div class=\"elementor-widget-wrap\">\n\t\t\t\t\t\t\t\t<\/div>\n\t\t\t\t\t<\/div>\n\t\t<\/div>\n\t\t\t\t\t\t\t\t<\/div>\n\t\t\t\t\t<\/div>\n\t\t<\/section>\n\t\t\t\t<section class=\"elementor-section elementor-top-section elementor-element elementor-element-58e67ea elementor-section-boxed elementor-section-height-default elementor-section-height-default\" data-id=\"58e67ea\" data-element_type=\"section\">\n\t\t\t\t\t\t<div class=\"elementor-container elementor-column-gap-default\">\n\t\t\t\t\t\t\t<div class=\"elementor-row\">\n\t\t\t\t\t<div class=\"elementor-column elementor-col-100 elementor-top-column elementor-element elementor-element-5f0a0a0\" data-id=\"5f0a0a0\" data-element_type=\"column\">\n\t\t\t<div class=\"elementor-column-wrap elementor-element-populated\">\n\t\t\t\t\t\t\t<div class=\"elementor-widget-wrap\">\n\t\t\t\t\t\t<div class=\"elementor-element elementor-element-77f8e8d elementor-widget elementor-widget-text-editor\" data-id=\"77f8e8d\" data-element_type=\"widget\" data-widget_type=\"text-editor.default\">\n\t\t\t\t<div class=\"elementor-widget-container\">\n\t\t\t        <div class=\"elementor-text-editor elementor-clearfix\"><p>Ihre zentrale Telefonnummer f\u00fcr alle Anfragen<\/p><p>+41 44 321 67 70<\/p><\/div>\n        \t\t<\/div>\n\t\t\t\t<\/div>\n\t\t\t\t\t\t<\/div>\n\t\t\t\t\t<\/div>\n\t\t<\/div>\n\t\t\t\t\t\t\t\t<\/div>\n\t\t\t\t\t<\/div>\n\t\t<\/section>\n\t\t\t\t\t\t\t\t\t<\/div>\n\t\t\t<\/div>\n\t\t\t\t\t<\/div>\n\t\t","protected":false},"excerpt":{"rendered":"<p>Sprechen Sie mit uns Wir freuen uns auf den Austausch mit ihnen Wenn Sie mehr \u00fcber Smiling Gecko und den Smiling Gecko Campus erfahren wollen, ein ganz pers\u00f6nliches Anliegen haben oder zum Beispiel an einem Vortrag von Hannes Schmid teilnehmen m\u00f6chten, sind wir gerne f\u00fcr Sie da. Senden Sie uns einfach eine E-Mail oder rufen &hellip; <span class=\"more-link-wrap\"><a href=\"https:\/\/www.smilinggecko.de\/de\/mit-uns-sprechen\/\" class=\"more-link\">Read More <span class=\"screen-reader-text\"> &#8222;Mit uns sprechen&#8220;<\/span><\/a><\/span><\/p>\n","protected":false},"author":3,"featured_media":0,"parent":0,"menu_order":0,"comment_status":"closed","ping_status":"closed","template":"","meta":{"om_disable_all_campaigns":false,"inline_featured_image":false,"_monsterinsights_skip_tracking":false,"_monsterinsights_sitenote_active":false,"_monsterinsights_sitenote_note":"","_monsterinsights_sitenote_category":0,"footnotes":""},"class_list":["post-6563","page","type-page","status-publish","hentry"],"acf":[],"aioseo_notices":[],"_links":{"self":[{"href":"https:\/\/www.smilinggecko.de\/de\/wp-json\/wp\/v2\/pages\/6563","targetHints":{"allow":["GET"]}}],"collection":[{"href":"https:\/\/www.smilinggecko.de\/de\/wp-json\/wp\/v2\/pages"}],"about":[{"href":"https:\/\/www.smilinggecko.de\/de\/wp-json\/wp\/v2\/types\/page"}],"author":[{"embeddable":true,"href":"https:\/\/www.smilinggecko.de\/de\/wp-json\/wp\/v2\/users\/3"}],"replies":[{"embeddable":true,"href":"https:\/\/www.smilinggecko.de\/de\/wp-json\/wp\/v2\/comments?post=6563"}],"version-history":[{"count":65,"href":"https:\/\/www.smilinggecko.de\/de\/wp-json\/wp\/v2\/pages\/6563\/revisions"}],"predecessor-version":[{"id":15659,"href":"https:\/\/www.smilinggecko.de\/de\/wp-json\/wp\/v2\/pages\/6563\/revisions\/15659"}],"wp:attachment":[{"href":"https:\/\/www.smilinggecko.de\/de\/wp-json\/wp\/v2\/media?parent=6563"}],"curies":[{"name":"wp","href":"https:\/\/api.w.org\/{rel}","templated":true}]}}