{"id":6778,"date":"2022-08-02T07:48:12","date_gmt":"2022-08-02T07:48:12","guid":{"rendered":"https:\/\/www.smilinggecko.de\/?page_id=6778"},"modified":"2026-03-26T14:33:25","modified_gmt":"2026-03-26T14:33:25","slug":"organisationsstruktur","status":"publish","type":"page","link":"https:\/\/www.smilinggecko.de\/de\/organisationsstruktur\/","title":{"rendered":"Organisationsstruktur"},"content":{"rendered":"\t\t<div data-elementor-type=\"wp-page\" data-elementor-id=\"6778\" class=\"elementor elementor-6778\">\n\t\t\t\t\t\t<div class=\"elementor-inner\">\n\t\t\t\t<div class=\"elementor-section-wrap\">\n\t\t\t\t\t\t\t\t\t<section class=\"elementor-section elementor-top-section elementor-element elementor-element-651fe51 elementor-section-boxed elementor-section-height-default elementor-section-height-default\" data-id=\"651fe51\" data-element_type=\"section\">\n\t\t\t\t\t\t<div class=\"elementor-container elementor-column-gap-default\">\n\t\t\t\t\t\t\t<div class=\"elementor-row\">\n\t\t\t\t\t<div class=\"elementor-column elementor-col-100 elementor-top-column elementor-element elementor-element-1da42b08\" data-id=\"1da42b08\" data-element_type=\"column\">\n\t\t\t<div class=\"elementor-column-wrap elementor-element-populated\">\n\t\t\t\t\t\t\t<div class=\"elementor-widget-wrap\">\n\t\t\t\t\t\t<div class=\"elementor-element elementor-element-5cfc8d6b elementor-widget elementor-widget-text-editor\" data-id=\"5cfc8d6b\" data-element_type=\"widget\" data-widget_type=\"text-editor.default\">\n\t\t\t\t<div class=\"elementor-widget-container\">\n\t\t\t        <div class=\"elementor-text-editor elementor-clearfix\"><p>Unsere Organisationsstruktur<\/p><\/div>\n        \t\t<\/div>\n\t\t\t\t<\/div>\n\t\t\t\t<div class=\"elementor-element elementor-element-486e9975 elementor-widget elementor-widget-heading\" data-id=\"486e9975\" data-element_type=\"widget\" data-widget_type=\"heading.default\">\n\t\t\t\t<div class=\"elementor-widget-container\">\n\t\t\t<h1 class=\"elementor-heading-title elementor-size-default\">Ein ganz besonderer Verein<\/h1>\t\t<\/div>\n\t\t\t\t<\/div>\n\t\t\t\t\t\t<\/div>\n\t\t\t\t\t<\/div>\n\t\t<\/div>\n\t\t\t\t\t\t\t\t<\/div>\n\t\t\t\t\t<\/div>\n\t\t<\/section>\n\t\t\t\t<section class=\"elementor-section elementor-top-section elementor-element elementor-element-16e8b872 elementor-section-boxed elementor-section-height-default elementor-section-height-default\" data-id=\"16e8b872\" data-element_type=\"section\">\n\t\t\t\t\t\t<div class=\"elementor-container elementor-column-gap-default\">\n\t\t\t\t\t\t\t<div class=\"elementor-row\">\n\t\t\t\t\t<div class=\"elementor-column elementor-col-100 elementor-top-column elementor-element elementor-element-1f8f6d6f\" data-id=\"1f8f6d6f\" data-element_type=\"column\">\n\t\t\t<div class=\"elementor-column-wrap elementor-element-populated\">\n\t\t\t\t\t\t\t<div class=\"elementor-widget-wrap\">\n\t\t\t\t\t\t<div class=\"elementor-element elementor-element-68d7de7a elementor-widget elementor-widget-text-editor\" data-id=\"68d7de7a\" data-element_type=\"widget\" data-widget_type=\"text-editor.default\">\n\t\t\t\t<div class=\"elementor-widget-container\">\n\t\t\t        <div class=\"elementor-text-editor elementor-clearfix\"><p>Smiling Gecko Deutschland ist ein 2018 gegr\u00fcndeter Verein nach Deutschem Recht, der mit Direkthilfe ideeller und finanzieller Art die notleidende Bev\u00f6lkerung in Kambodscha mit nachhaltigen, \u00f6kologisch und \u00f6konomisch sinnvollen Projekten unterst\u00fctzt. Smiling Gecko hat sich als Non-Governmental Organisation verschiedene Entwicklungshilfeprojekte zum Ziel gesetzt.<\/p><\/div>\n        \t\t<\/div>\n\t\t\t\t<\/div>\n\t\t\t\t<div class=\"elementor-element elementor-element-4c95051 elementor-widget elementor-widget-text-editor\" data-id=\"4c95051\" data-element_type=\"widget\" data-widget_type=\"text-editor.default\">\n\t\t\t\t<div class=\"elementor-widget-container\">\n\t\t\t        <div class=\"elementor-text-editor elementor-clearfix\"><p>Dazu z\u00e4hlen: Karitative Projekte f\u00fcr Kinder, Familien und D\u00f6rfer durch Kampagnen und\/oder mit finanziellen Mitteln zu unterst\u00fctzen; als Mediator den Kontakt zwischen entsprechenden Projekten (beziehungsweise deren Tr\u00e4gerschaften) und potenziellen Spendern herzustellen; sicherzustellen, dass Spendengelder dem Willen der Spender entsprechend verwendet werden und diese im Gegenzug mit den entsprechenden Informationen zu versorgen. Gleichzeitig pflegt Smiling Gecko Schweiz ein Netzwerk mit renommierten Schweizer Institutionen, die die Projekte finanziell, mit ihrem spezifischen Know-How und\/oder durch die \u00dcbernahme von Planungs-, Gestaltungs-, Ausbildungs-, Koordinations- und Kontrollaufgaben in der Schweiz und in Kambodscha unterst\u00fctzen.<\/p><\/div>\n        \t\t<\/div>\n\t\t\t\t<\/div>\n\t\t\t\t<div class=\"elementor-element elementor-element-902e260 elementor-widget elementor-widget-heading\" data-id=\"902e260\" data-element_type=\"widget\" data-widget_type=\"heading.default\">\n\t\t\t\t<div class=\"elementor-widget-container\">\n\t\t\t<h2 class=\"elementor-heading-title elementor-size-default\">Wir sind anerkannt Gemeinn\u00fctzig<\/h2>\t\t<\/div>\n\t\t\t\t<\/div>\n\t\t\t\t<div class=\"elementor-element elementor-element-29f69ac elementor-widget elementor-widget-text-editor\" data-id=\"29f69ac\" data-element_type=\"widget\" data-widget_type=\"text-editor.default\">\n\t\t\t\t<div class=\"elementor-widget-container\">\n\t\t\t        <div class=\"elementor-text-editor elementor-clearfix\">Der Verein Smiling Gecko e.V. ist in Deutschland mit Verf\u00fcgung vom 18. September 2018 als gemeinn\u00fctzig anerkannt. Als Folge davon k\u00f6nnen Spender die gespendeten Geldbetr\u00e4ge im gesetzlichen Umfang von ihrem zu versteuernden Einkommen in Abzug bringen. Alle Spender erhalten ihre Spendenbescheinigung vom Verein Smiling Gecko e.V.. Wenn Sie eine Spendenbescheinigung w\u00fcnschen, geben Sie bitte bei der Einzahlung unbedingt Ihre Adresse mit an. Alle Spenden kommen vollumf\u00e4nglich Smiling Gecko in Kambodscha zugute.<\/div>\n        \t\t<\/div>\n\t\t\t\t<\/div>\n\t\t\t\t<div class=\"elementor-element elementor-element-84b50f1 elementor-widget elementor-widget-heading\" data-id=\"84b50f1\" data-element_type=\"widget\" data-widget_type=\"heading.default\">\n\t\t\t\t<div class=\"elementor-widget-container\">\n\t\t\t<h2 class=\"elementor-heading-title elementor-size-default\">Unsere internationalen Organisationen<\/h2>\t\t<\/div>\n\t\t\t\t<\/div>\n\t\t\t\t<div class=\"elementor-element elementor-element-e271067 elementor-widget elementor-widget-text-editor\" data-id=\"e271067\" data-element_type=\"widget\" data-widget_type=\"text-editor.default\">\n\t\t\t\t<div class=\"elementor-widget-container\">\n\t\t\t        <div class=\"elementor-text-editor elementor-clearfix\"><p>Neber der Deutschen Organisation gibt es auch Smiling Gecko Schweiz mit Sitz in D\u00fcbendorf, Z\u00fcrich, Smiling Gecko USA mit Sitz in Brooklyn, NY und nat\u00fcrlich vor allem Smiling Gecko Cambodia (SGC), die aus unserem Office in Phnom Penh und vom Smiling Gecko Campus agieren. W\u00e4hrend die nicht asiatischen Standorte vor allem im Fundraising aktiv sind, ist SGC unsere operative Organisation vor Ort. Rechtlich unabh\u00e4ngig und gr\u00f6sstenteils kambodschanisch gef\u00fchrt.<\/p><\/div>\n        \t\t<\/div>\n\t\t\t\t<\/div>\n\t\t\t\t<div class=\"elementor-element elementor-element-612dc15 elementor-widget elementor-widget-heading\" data-id=\"612dc15\" data-element_type=\"widget\" data-widget_type=\"heading.default\">\n\t\t\t\t<div class=\"elementor-widget-container\">\n\t\t\t<h2 class=\"elementor-heading-title elementor-size-default\">Das Executive Committee von Smiling Gecko Cambodia<\/h2>\t\t<\/div>\n\t\t\t\t<\/div>\n\t\t\t\t\t\t<\/div>\n\t\t\t\t\t<\/div>\n\t\t<\/div>\n\t\t\t\t\t\t\t\t<\/div>\n\t\t\t\t\t<\/div>\n\t\t<\/section>\n\t\t\t\t<section class=\"elementor-section elementor-top-section elementor-element elementor-element-cb08d80 elementor-section-boxed elementor-section-height-default elementor-section-height-default\" data-id=\"cb08d80\" data-element_type=\"section\">\n\t\t\t\t\t\t<div class=\"elementor-container elementor-column-gap-custom\">\n\t\t\t\t\t\t\t<div class=\"elementor-row\">\n\t\t\t\t\t<div class=\"elementor-column elementor-col-33 elementor-top-column elementor-element elementor-element-0337c95\" data-id=\"0337c95\" data-element_type=\"column\">\n\t\t\t<div class=\"elementor-column-wrap elementor-element-populated\">\n\t\t\t\t\t\t\t<div class=\"elementor-widget-wrap\">\n\t\t\t\t\t\t<div class=\"elementor-element elementor-element-a37bedc elementor-hidden-widescreen elementor-hidden-desktop elementor-hidden-laptop elementor-hidden-tablet_extra elementor-hidden-tablet elementor-hidden-mobile_extra elementor-hidden-mobile elementor-widget elementor-widget-image\" data-id=\"a37bedc\" data-element_type=\"widget\" data-widget_type=\"image.default\">\n\t\t\t\t<div class=\"elementor-widget-container\">\n\t\t\t\t\t\t\t\t<div class=\"elementor-image\">\n\t\t\t\t\t\t\t\t\t\t\t\t<img decoding=\"async\" src=\"https:\/\/www.smilinggecko.de\/wp-content\/plugins\/elementor\/assets\/images\/placeholder.png\" title=\"\" alt=\"\" \/>\t\t\t\t\t\t\t\t\t\t\t\t\t\t<\/div>\n\t\t\t\t\t\t<\/div>\n\t\t\t\t<\/div>\n\t\t\t\t<div class=\"elementor-element elementor-element-81580e4 elementor-widget elementor-widget-heading\" data-id=\"81580e4\" data-element_type=\"widget\" data-widget_type=\"heading.default\">\n\t\t\t\t<div class=\"elementor-widget-container\">\n\t\t\t<h2 class=\"elementor-heading-title elementor-size-default\">Ngon Sokleap<\/h2>\t\t<\/div>\n\t\t\t\t<\/div>\n\t\t\t\t<div class=\"elementor-element elementor-element-3fb3794 elementor-widget elementor-widget-text-editor\" data-id=\"3fb3794\" data-element_type=\"widget\" data-widget_type=\"text-editor.default\">\n\t\t\t\t<div class=\"elementor-widget-container\">\n\t\t\t        <div class=\"elementor-text-editor elementor-clearfix\"><p>Director<\/p><\/div>\n        \t\t<\/div>\n\t\t\t\t<\/div>\n\t\t\t\t\t\t<\/div>\n\t\t\t\t\t<\/div>\n\t\t<\/div>\n\t\t\t\t<div class=\"elementor-column elementor-col-33 elementor-top-column elementor-element elementor-element-947468d\" data-id=\"947468d\" data-element_type=\"column\">\n\t\t\t<div class=\"elementor-column-wrap elementor-element-populated\">\n\t\t\t\t\t\t\t<div class=\"elementor-widget-wrap\">\n\t\t\t\t\t\t<div class=\"elementor-element elementor-element-de1e051 elementor-hidden-widescreen elementor-hidden-desktop elementor-hidden-laptop elementor-hidden-tablet_extra elementor-hidden-tablet elementor-hidden-mobile_extra elementor-hidden-mobile elementor-widget elementor-widget-image\" data-id=\"de1e051\" data-element_type=\"widget\" data-widget_type=\"image.default\">\n\t\t\t\t<div class=\"elementor-widget-container\">\n\t\t\t\t\t\t\t\t<div class=\"elementor-image\">\n\t\t\t\t\t\t\t\t\t\t\t\t<img loading=\"lazy\" decoding=\"async\" width=\"600\" height=\"444\" src=\"https:\/\/www.smilinggecko.de\/wp-content\/uploads\/2022\/07\/Hannes-Schmid.jpg\" class=\"attachment-large size-large\" alt=\"\" srcset=\"https:\/\/www.smilinggecko.de\/wp-content\/uploads\/2022\/07\/Hannes-Schmid.jpg 674w, https:\/\/www.smilinggecko.de\/wp-content\/uploads\/2022\/07\/Hannes-Schmid-300x222.jpg 300w, https:\/\/www.smilinggecko.de\/wp-content\/uploads\/2022\/07\/Hannes-Schmid-400x296.jpg 400w\" sizes=\"auto, (max-width: 600px) 100vw, 600px\" \/>\t\t\t\t\t\t\t\t\t\t\t\t\t\t<\/div>\n\t\t\t\t\t\t<\/div>\n\t\t\t\t<\/div>\n\t\t\t\t<div class=\"elementor-element elementor-element-bc7a362 elementor-widget elementor-widget-heading\" data-id=\"bc7a362\" data-element_type=\"widget\" data-widget_type=\"heading.default\">\n\t\t\t\t<div class=\"elementor-widget-container\">\n\t\t\t<h2 class=\"elementor-heading-title elementor-size-default\">Hannes Schmid<\/h2>\t\t<\/div>\n\t\t\t\t<\/div>\n\t\t\t\t<div class=\"elementor-element elementor-element-138112c elementor-widget elementor-widget-text-editor\" data-id=\"138112c\" data-element_type=\"widget\" data-widget_type=\"text-editor.default\">\n\t\t\t\t<div class=\"elementor-widget-container\">\n\t\t\t        <div class=\"elementor-text-editor elementor-clearfix\"><div><span lang=\"EN-US\">Deputy Director<\/span><\/div><\/div>\n        \t\t<\/div>\n\t\t\t\t<\/div>\n\t\t\t\t\t\t<\/div>\n\t\t\t\t\t<\/div>\n\t\t<\/div>\n\t\t\t\t<div class=\"elementor-column elementor-col-33 elementor-top-column elementor-element elementor-element-978f294\" data-id=\"978f294\" data-element_type=\"column\">\n\t\t\t<div class=\"elementor-column-wrap elementor-element-populated\">\n\t\t\t\t\t\t\t<div class=\"elementor-widget-wrap\">\n\t\t\t\t\t\t<div class=\"elementor-element elementor-element-c31f819 elementor-hidden-widescreen elementor-hidden-desktop elementor-hidden-laptop elementor-hidden-tablet_extra elementor-hidden-tablet elementor-hidden-mobile_extra elementor-hidden-mobile elementor-widget elementor-widget-image\" data-id=\"c31f819\" data-element_type=\"widget\" data-widget_type=\"image.default\">\n\t\t\t\t<div class=\"elementor-widget-container\">\n\t\t\t\t\t\t\t\t<div class=\"elementor-image\">\n\t\t\t\t\t\t\t\t\t\t\t\t<img decoding=\"async\" src=\"https:\/\/www.smilinggecko.de\/wp-content\/plugins\/elementor\/assets\/images\/placeholder.png\" title=\"\" alt=\"\" \/>\t\t\t\t\t\t\t\t\t\t\t\t\t\t<\/div>\n\t\t\t\t\t\t<\/div>\n\t\t\t\t<\/div>\n\t\t\t\t<div class=\"elementor-element elementor-element-55b8300 elementor-widget elementor-widget-heading\" data-id=\"55b8300\" data-element_type=\"widget\" data-widget_type=\"heading.default\">\n\t\t\t\t<div class=\"elementor-widget-container\">\n\t\t\t<h2 class=\"elementor-heading-title elementor-size-default\">HORN Sreymom<\/h2>\t\t<\/div>\n\t\t\t\t<\/div>\n\t\t\t\t<div class=\"elementor-element elementor-element-fe686f6 elementor-widget elementor-widget-text-editor\" data-id=\"fe686f6\" data-element_type=\"widget\" data-widget_type=\"text-editor.default\">\n\t\t\t\t<div class=\"elementor-widget-container\">\n\t\t\t        <div class=\"elementor-text-editor elementor-clearfix\"><div><span lang=\"EN-US\">Finance<\/span><\/div><\/div>\n        \t\t<\/div>\n\t\t\t\t<\/div>\n\t\t\t\t\t\t<\/div>\n\t\t\t\t\t<\/div>\n\t\t<\/div>\n\t\t\t\t\t\t\t\t<\/div>\n\t\t\t\t\t<\/div>\n\t\t<\/section>\n\t\t\t\t\t\t\t\t\t<\/div>\n\t\t\t<\/div>\n\t\t\t\t\t<\/div>\n\t\t","protected":false},"excerpt":{"rendered":"<p>Unsere Organisationsstruktur Ein ganz besonderer Verein Smiling Gecko Deutschland ist ein 2018 gegr\u00fcndeter Verein nach Deutschem Recht, der mit Direkthilfe ideeller und finanzieller Art die notleidende Bev\u00f6lkerung in Kambodscha mit nachhaltigen, \u00f6kologisch und \u00f6konomisch sinnvollen Projekten unterst\u00fctzt. Smiling Gecko hat sich als Non-Governmental Organisation verschiedene Entwicklungshilfeprojekte zum Ziel gesetzt. Dazu z\u00e4hlen: Karitative Projekte f\u00fcr Kinder, &hellip; <span class=\"more-link-wrap\"><a href=\"https:\/\/www.smilinggecko.de\/de\/organisationsstruktur\/\" class=\"more-link\">Read More <span class=\"screen-reader-text\"> &#8222;Organisationsstruktur&#8220;<\/span><\/a><\/span><\/p>\n","protected":false},"author":3,"featured_media":0,"parent":0,"menu_order":0,"comment_status":"closed","ping_status":"closed","template":"","meta":{"om_disable_all_campaigns":false,"inline_featured_image":false,"_monsterinsights_skip_tracking":false,"_monsterinsights_sitenote_active":false,"_monsterinsights_sitenote_note":"","_monsterinsights_sitenote_category":0,"footnotes":""},"class_list":["post-6778","page","type-page","status-publish","hentry"],"acf":[],"aioseo_notices":[],"_links":{"self":[{"href":"https:\/\/www.smilinggecko.de\/de\/wp-json\/wp\/v2\/pages\/6778","targetHints":{"allow":["GET"]}}],"collection":[{"href":"https:\/\/www.smilinggecko.de\/de\/wp-json\/wp\/v2\/pages"}],"about":[{"href":"https:\/\/www.smilinggecko.de\/de\/wp-json\/wp\/v2\/types\/page"}],"author":[{"embeddable":true,"href":"https:\/\/www.smilinggecko.de\/de\/wp-json\/wp\/v2\/users\/3"}],"replies":[{"embeddable":true,"href":"https:\/\/www.smilinggecko.de\/de\/wp-json\/wp\/v2\/comments?post=6778"}],"version-history":[{"count":47,"href":"https:\/\/www.smilinggecko.de\/de\/wp-json\/wp\/v2\/pages\/6778\/revisions"}],"predecessor-version":[{"id":15592,"href":"https:\/\/www.smilinggecko.de\/de\/wp-json\/wp\/v2\/pages\/6778\/revisions\/15592"}],"wp:attachment":[{"href":"https:\/\/www.smilinggecko.de\/de\/wp-json\/wp\/v2\/media?parent=6778"}],"curies":[{"name":"wp","href":"https:\/\/api.w.org\/{rel}","templated":true}]}}