{"id":6785,"date":"2022-08-02T08:06:28","date_gmt":"2022-08-02T08:06:28","guid":{"rendered":"https:\/\/www.smilinggecko.de\/?page_id=6785"},"modified":"2025-04-04T14:39:18","modified_gmt":"2025-04-04T14:39:18","slug":"historie","status":"publish","type":"page","link":"https:\/\/www.smilinggecko.de\/de\/historie\/","title":{"rendered":"Historie"},"content":{"rendered":"\t\t<div data-elementor-type=\"wp-page\" data-elementor-id=\"6785\" class=\"elementor elementor-6785\">\n\t\t\t\t\t\t<div class=\"elementor-inner\">\n\t\t\t\t<div class=\"elementor-section-wrap\">\n\t\t\t\t\t\t\t\t\t<section class=\"elementor-section elementor-top-section elementor-element elementor-element-26719a89 elementor-section-boxed elementor-section-height-default elementor-section-height-default\" data-id=\"26719a89\" data-element_type=\"section\">\n\t\t\t\t\t\t<div class=\"elementor-container elementor-column-gap-default\">\n\t\t\t\t\t\t\t<div class=\"elementor-row\">\n\t\t\t\t\t<div class=\"elementor-column elementor-col-100 elementor-top-column elementor-element elementor-element-421b69f7\" data-id=\"421b69f7\" data-element_type=\"column\">\n\t\t\t<div class=\"elementor-column-wrap elementor-element-populated\">\n\t\t\t\t\t\t\t<div class=\"elementor-widget-wrap\">\n\t\t\t\t\t\t<div class=\"elementor-element elementor-element-748086a8 elementor-widget elementor-widget-text-editor\" data-id=\"748086a8\" data-element_type=\"widget\" data-widget_type=\"text-editor.default\">\n\t\t\t\t<div class=\"elementor-widget-container\">\n\t\t\t        <div class=\"elementor-text-editor elementor-clearfix\"><p>Unsere Historie<\/p><\/div>\n        \t\t<\/div>\n\t\t\t\t<\/div>\n\t\t\t\t<div class=\"elementor-element elementor-element-33036232 elementor-widget elementor-widget-heading\" data-id=\"33036232\" data-element_type=\"widget\" data-widget_type=\"heading.default\">\n\t\t\t\t<div class=\"elementor-widget-container\">\n\t\t\t<h1 class=\"elementor-heading-title elementor-size-default\">Ein Blick zur\u00fcck nach vorn<\/h1>\t\t<\/div>\n\t\t\t\t<\/div>\n\t\t\t\t\t\t<\/div>\n\t\t\t\t\t<\/div>\n\t\t<\/div>\n\t\t\t\t\t\t\t\t<\/div>\n\t\t\t\t\t<\/div>\n\t\t<\/section>\n\t\t\t\t<section class=\"elementor-section elementor-top-section elementor-element elementor-element-19e6de9 elementor-section-boxed elementor-section-height-default elementor-section-height-default\" data-id=\"19e6de9\" data-element_type=\"section\">\n\t\t\t\t\t\t<div class=\"elementor-container elementor-column-gap-default\">\n\t\t\t\t\t\t\t<div class=\"elementor-row\">\n\t\t\t\t\t<div class=\"elementor-column elementor-col-100 elementor-top-column elementor-element elementor-element-2f73e27a\" data-id=\"2f73e27a\" data-element_type=\"column\">\n\t\t\t<div class=\"elementor-column-wrap elementor-element-populated\">\n\t\t\t\t\t\t\t<div class=\"elementor-widget-wrap\">\n\t\t\t\t\t\t<div class=\"elementor-element elementor-element-12f04dc7 elementor-widget elementor-widget-text-editor\" data-id=\"12f04dc7\" data-element_type=\"widget\" data-widget_type=\"text-editor.default\">\n\t\t\t\t<div class=\"elementor-widget-container\">\n\t\t\t        <div class=\"elementor-text-editor elementor-clearfix\"><p>In den zehn Jahren seit Gr\u00fcndung von Smiling Gecko in der Schweiz ist hier und nat\u00fcrlich vor allem in Kambodscha unglaublich viel passiert. In dem kurzen Film sowie in unserer Timeline haben wir einige der wichtigsten Ereignisse zusammengefasst.<\/p><\/div>\n        \t\t<\/div>\n\t\t\t\t<\/div>\n\t\t\t\t\t\t<\/div>\n\t\t\t\t\t<\/div>\n\t\t<\/div>\n\t\t\t\t\t\t\t\t<\/div>\n\t\t\t\t\t<\/div>\n\t\t<\/section>\n\t\t\t\t<section class=\"elementor-section elementor-top-section elementor-element elementor-element-31b68c9 elementor-section-boxed elementor-section-height-default elementor-section-height-default\" data-id=\"31b68c9\" data-element_type=\"section\">\n\t\t\t\t\t\t<div class=\"elementor-container elementor-column-gap-default\">\n\t\t\t\t\t\t\t<div class=\"elementor-row\">\n\t\t\t\t\t<div class=\"elementor-column elementor-col-100 elementor-top-column elementor-element elementor-element-aa29cfe\" data-id=\"aa29cfe\" data-element_type=\"column\">\n\t\t\t<div class=\"elementor-column-wrap elementor-element-populated\">\n\t\t\t\t\t\t\t<div class=\"elementor-widget-wrap\">\n\t\t\t\t\t\t<div class=\"elementor-element elementor-element-fb89958 elementor-aspect-ratio-169 elementor-widget elementor-widget-video\" data-id=\"fb89958\" data-element_type=\"widget\" data-settings=\"{&quot;video_type&quot;:&quot;vimeo&quot;,&quot;aspect_ratio&quot;:&quot;169&quot;}\" data-widget_type=\"video.default\">\n\t\t\t\t<div class=\"elementor-widget-container\">\n\t\t\t\t\t<div class=\"elementor-wrapper elementor-fit-aspect-ratio elementor-open-inline\">\n\t\t\t<iframe class=\"elementor-video-iframe\" allowfullscreen title=\"vimeo Video Player\" src=\"https:\/\/player.vimeo.com\/video\/750277826?color&amp;autopause=0&amp;loop=0&amp;muted=0&amp;title=1&amp;portrait=1&amp;byline=1#t=\"><\/iframe>\t\t<\/div>\n\t\t\t\t<\/div>\n\t\t\t\t<\/div>\n\t\t\t\t\t\t<\/div>\n\t\t\t\t\t<\/div>\n\t\t<\/div>\n\t\t\t\t\t\t\t\t<\/div>\n\t\t\t\t\t<\/div>\n\t\t<\/section>\n\t\t\t\t<section class=\"elementor-section elementor-top-section elementor-element elementor-element-7f80306 elementor-section-boxed elementor-section-height-default elementor-section-height-default\" data-id=\"7f80306\" data-element_type=\"section\">\n\t\t\t\t\t\t<div class=\"elementor-container elementor-column-gap-default\">\n\t\t\t\t\t\t\t<div class=\"elementor-row\">\n\t\t\t\t\t<div class=\"elementor-column elementor-col-25 elementor-top-column elementor-element elementor-element-9b6b052\" data-id=\"9b6b052\" data-element_type=\"column\">\n\t\t\t<div class=\"elementor-column-wrap\">\n\t\t\t\t\t\t\t<div class=\"elementor-widget-wrap\">\n\t\t\t\t\t\t\t\t<\/div>\n\t\t\t\t\t<\/div>\n\t\t<\/div>\n\t\t\t\t<div class=\"elementor-column elementor-col-50 elementor-top-column elementor-element elementor-element-e3d3019\" data-id=\"e3d3019\" data-element_type=\"column\">\n\t\t\t<div class=\"elementor-column-wrap elementor-element-populated\">\n\t\t\t\t\t\t\t<div class=\"elementor-widget-wrap\">\n\t\t\t\t\t\t<div class=\"elementor-element elementor-element-3f1f9d9 elementor-widget elementor-widget-opal-timeline\" data-id=\"3f1f9d9\" data-element_type=\"widget\" data-widget_type=\"opal-timeline.default\">\n\t\t\t\t<div class=\"elementor-widget-container\">\n\t\t\t            <div class=\"elementor-timeline-wrapper\">\n                <div class=\"row\" data-elementor-columns=\"2\">\n                                            <div class=\"elementor-content-item column-item\" >\n                            <div class=\"elementor-content-item-inner\">\n                                <div class=\"elementor-image-framed\"><figure class=\"elementor-image-box-img\"><img loading=\"lazy\" decoding=\"async\" width=\"850\" height=\"580\" src=\"https:\/\/www.smilinggecko.de\/wp-content\/uploads\/2025\/04\/Auditorium-2-850x580.jpg\" class=\"attachment-fundor-featured-image-large size-fundor-featured-image-large\" alt=\"\" srcset=\"https:\/\/www.smilinggecko.de\/wp-content\/uploads\/2025\/04\/Auditorium-2-850x580.jpg 850w, https:\/\/www.smilinggecko.de\/wp-content\/uploads\/2025\/04\/Auditorium-2-300x206.jpg 300w, https:\/\/www.smilinggecko.de\/wp-content\/uploads\/2025\/04\/Auditorium-2-400x274.jpg 400w\" sizes=\"auto, (max-width: 850px) 100vw, 850px\" \/><\/figure><\/div>                                <div class=\"elementor-content-wrap\">\n                                    <h4 class=\"elementor-heading-title\">2024<\/h4>                                    <div class=\"elementor-content-description\">Als bislang letztes Grossprojekt er\u00f6ffnen wir das Kulturzentrum \u00abThe Gong\u00bb. Es bieten K\u00fcnstlerinnen und K\u00fcnstlern eine B\u00fchne und hat mit den \u00abGong Studios\u00bb modernste Recording- und Podcast-Studios.<\/div>                                <\/div>\n                            <\/div>\n                        <\/div>\n                                            <div class=\"elementor-content-item column-item\" >\n                            <div class=\"elementor-content-item-inner\">\n                                <div class=\"elementor-image-framed\"><figure class=\"elementor-image-box-img elementor-image-box-img\"><img loading=\"lazy\" decoding=\"async\" width=\"850\" height=\"580\" src=\"https:\/\/www.smilinggecko.de\/wp-content\/uploads\/2022\/08\/Erweiterung-Sanctuary-Spa-Kambodscha-Charity-850x580.jpg\" class=\"attachment-fundor-featured-image-large size-fundor-featured-image-large\" alt=\"\" \/><\/figure><\/div>                                <div class=\"elementor-content-wrap\">\n                                    <h4 class=\"elementor-heading-title\">2023<\/h4>                                    <div class=\"elementor-content-description\"><p>Erweiterung des Farmhouse Resorts um das Fine-Dining-Restaurant \u00abUn\u00bb sowie das \u00abSanctuary Spa\u00bb<\/p><p>Beginn des Fundraisings f\u00fcr das geplante \u00abHouse of Culture and Music\u00bb<\/p><\/div>                                <\/div>\n                            <\/div>\n                        <\/div>\n                                            <div class=\"elementor-content-item column-item\" >\n                            <div class=\"elementor-content-item-inner\">\n                                <div class=\"elementor-image-framed\"><figure class=\"elementor-image-box-img elementor-image-box-img elementor-image-box-img\"><img loading=\"lazy\" decoding=\"async\" width=\"850\" height=\"580\" src=\"https:\/\/www.smilinggecko.de\/wp-content\/uploads\/2025\/04\/5G7A7716-850x580-1.jpg\" class=\"attachment-fundor-featured-image-large size-fundor-featured-image-large\" alt=\"\" srcset=\"https:\/\/www.smilinggecko.de\/wp-content\/uploads\/2025\/04\/5G7A7716-850x580-1.jpg 850w, https:\/\/www.smilinggecko.de\/wp-content\/uploads\/2025\/04\/5G7A7716-850x580-1-300x205.jpg 300w, https:\/\/www.smilinggecko.de\/wp-content\/uploads\/2025\/04\/5G7A7716-850x580-1-768x524.jpg 768w, https:\/\/www.smilinggecko.de\/wp-content\/uploads\/2025\/04\/5G7A7716-850x580-1-400x273.jpg 400w\" sizes=\"auto, (max-width: 850px) 100vw, 850px\" \/><\/figure><\/div>                                <div class=\"elementor-content-wrap\">\n                                    <h4 class=\"elementor-heading-title\">2022<\/h4>                                    <div class=\"elementor-content-description\">Das Land liegt weiterhin am Boden. Wir kaufen Land. Der Campus erh\u00e4lt seine jetzige Gr\u00f6sse von 150 Hektar. Viel Platz f\u00fcr aktuelle und zuk\u00fcnftige Projekte wie die Vanille-Farm, Kohlpalmen oder die Metallbauwerkstatt.<\/div>                                <\/div>\n                            <\/div>\n                        <\/div>\n                                            <div class=\"elementor-content-item column-item\" >\n                            <div class=\"elementor-content-item-inner\">\n                                <div class=\"elementor-image-framed\"><figure class=\"elementor-image-box-img elementor-image-box-img elementor-image-box-img elementor-image-box-img\"><img loading=\"lazy\" decoding=\"async\" width=\"850\" height=\"580\" src=\"https:\/\/www.smilinggecko.de\/wp-content\/uploads\/2022\/08\/Schulwiedereroeffnung-Kambodscha-Charity-Education-850x580.jpg\" class=\"attachment-fundor-featured-image-large size-fundor-featured-image-large\" alt=\"\" \/><\/figure><\/div>                                <div class=\"elementor-content-wrap\">\n                                    <h4 class=\"elementor-heading-title\">2021<\/h4>                                    <div class=\"elementor-content-description\"><p>Das zweite Jahr der Krise. Das Farmhouse bleibt weiter geschlossen. Die Schule wird mehrfach ge\u00f6ffnet und wieder geschlossen<\/p><p>Der \u00abContainer voller Musik\u00bb macht sich auf den Weg aus der Schweiz nach Kambodscha<\/p><p>Nothilfe bleibt essenziell<\/p><\/div>                                <\/div>\n                            <\/div>\n                        <\/div>\n                                            <div class=\"elementor-content-item column-item\" >\n                            <div class=\"elementor-content-item-inner\">\n                                <div class=\"elementor-image-framed\"><figure class=\"elementor-image-box-img elementor-image-box-img elementor-image-box-img elementor-image-box-img elementor-image-box-img\"><img loading=\"lazy\" decoding=\"async\" width=\"850\" height=\"580\" src=\"https:\/\/www.smilinggecko.de\/wp-content\/uploads\/2022\/08\/Humanitaere-Nothilfe-Kambodscha-Charity-Essenverteilung-2-850x580.jpg\" class=\"attachment-fundor-featured-image-large size-fundor-featured-image-large\" alt=\"\" \/><\/figure><\/div>                                <div class=\"elementor-content-wrap\">\n                                    <h4 class=\"elementor-heading-title\">2020<\/h4>                                    <div class=\"elementor-content-description\"><p>Die Corona-Krise trifft uns hart. Das Farmhouse Resort muss geschlossen werden und auch die Schule setzt ihren Betrieb aus<\/p><p>Ausweitung unserer humanit\u00e4ren Nothilfe-Aktionen<\/p><\/div>                                <\/div>\n                            <\/div>\n                        <\/div>\n                                            <div class=\"elementor-content-item column-item\" >\n                            <div class=\"elementor-content-item-inner\">\n                                <div class=\"elementor-image-framed\"><figure class=\"elementor-image-box-img elementor-image-box-img elementor-image-box-img elementor-image-box-img elementor-image-box-img elementor-image-box-img\"><img loading=\"lazy\" decoding=\"async\" width=\"850\" height=\"580\" src=\"https:\/\/www.smilinggecko.de\/wp-content\/uploads\/2022\/08\/Organic-Farmhouse-Shop-Charity-Education-NPO-Team-2-850x580.jpg\" class=\"attachment-fundor-featured-image-large size-fundor-featured-image-large\" alt=\"\" \/><\/figure><\/div>                                <div class=\"elementor-content-wrap\">\n                                    <h4 class=\"elementor-heading-title\">2019<\/h4>                                    <div class=\"elementor-content-description\"><p>Er\u00f6ffnung der ersten Smiling Gecko Shops in Phnom Penh<\/p><p>Startschuss f\u00fcr das \u00abWomen in Aquaculture\u00bb Project<\/p><\/div>                                <\/div>\n                            <\/div>\n                        <\/div>\n                                            <div class=\"elementor-content-item column-item\" >\n                            <div class=\"elementor-content-item-inner\">\n                                <div class=\"elementor-image-framed\"><figure class=\"elementor-image-box-img elementor-image-box-img elementor-image-box-img elementor-image-box-img elementor-image-box-img elementor-image-box-img elementor-image-box-img\"><img loading=\"lazy\" decoding=\"async\" width=\"850\" height=\"580\" src=\"https:\/\/www.smilinggecko.de\/wp-content\/uploads\/2022\/08\/Erste-Fischfuetterung-Aquaculture-Charity-Kambodscha-850x580.jpg\" class=\"attachment-fundor-featured-image-large size-fundor-featured-image-large\" alt=\"\" \/><\/figure><\/div>                                <div class=\"elementor-content-wrap\">\n                                    <h4 class=\"elementor-heading-title\">2018<\/h4>                                    <div class=\"elementor-content-description\"><p>Er\u00f6ffnung der Grossk\u00fcche<\/p><p>Gr\u00fcndung Smiling Gecko Deutschland (SGD)<\/p><p>Start der Smiling Gecko Fischzucht<\/p><p>Bezug der neuen SGS R\u00e4umlichkeiten im Zwicky Areal in D\u00fcbendorf<\/p><\/div>                                <\/div>\n                            <\/div>\n                        <\/div>\n                                            <div class=\"elementor-content-item column-item\" >\n                            <div class=\"elementor-content-item-inner\">\n                                <div class=\"elementor-image-framed\"><figure class=\"elementor-image-box-img elementor-image-box-img elementor-image-box-img elementor-image-box-img elementor-image-box-img elementor-image-box-img elementor-image-box-img elementor-image-box-img\"><img loading=\"lazy\" decoding=\"async\" width=\"850\" height=\"580\" src=\"https:\/\/www.smilinggecko.de\/wp-content\/uploads\/2022\/08\/Bau-Smiling-Gecko-Schule-850x580.jpg\" class=\"attachment-fundor-featured-image-large size-fundor-featured-image-large\" alt=\"\" \/><\/figure><\/div>                                <div class=\"elementor-content-wrap\">\n                                    <h4 class=\"elementor-heading-title\">2017<\/h4>                                    <div class=\"elementor-content-description\"><p>Die neue Smiling Gecko Schule nimmt im November den Betrieb auf<\/p><p>Baubeginn Village School Project<\/p><\/div>                                <\/div>\n                            <\/div>\n                        <\/div>\n                                            <div class=\"elementor-content-item column-item\" >\n                            <div class=\"elementor-content-item-inner\">\n                                <div class=\"elementor-image-framed\"><figure class=\"elementor-image-box-img elementor-image-box-img elementor-image-box-img elementor-image-box-img elementor-image-box-img elementor-image-box-img elementor-image-box-img elementor-image-box-img elementor-image-box-img\"><img loading=\"lazy\" decoding=\"async\" width=\"850\" height=\"580\" src=\"https:\/\/www.smilinggecko.de\/wp-content\/uploads\/2022\/08\/Schreinerei-Kambodscha-Charity-850x580.jpg\" class=\"attachment-fundor-featured-image-large size-fundor-featured-image-large\" alt=\"\" \/><\/figure><\/div>                                <div class=\"elementor-content-wrap\">\n                                    <h4 class=\"elementor-heading-title\">2016<\/h4>                                    <div class=\"elementor-content-description\"><p>\u00dcbergabe der letzten 14 durch die Kiwanis gestifteten Tuk Tuks an ausgew\u00e4hlte Slumfamilien<\/p><p>Erweiterung und Ausbau des Farmhouse Smiling Gecko<\/p><p>Inbetriebnahme einer eigenen Schreinerei, der Smiling Gecko Carpentry<\/p><\/div>                                <\/div>\n                            <\/div>\n                        <\/div>\n                                            <div class=\"elementor-content-item column-item\" >\n                            <div class=\"elementor-content-item-inner\">\n                                <div class=\"elementor-image-framed\"><figure class=\"elementor-image-box-img elementor-image-box-img elementor-image-box-img elementor-image-box-img elementor-image-box-img elementor-image-box-img elementor-image-box-img elementor-image-box-img elementor-image-box-img elementor-image-box-img\"><img loading=\"lazy\" decoding=\"async\" width=\"850\" height=\"580\" src=\"https:\/\/www.smilinggecko.de\/wp-content\/uploads\/2022\/08\/Guesthouse-Kambodscha-Charity--850x580.jpg\" class=\"attachment-fundor-featured-image-large size-fundor-featured-image-large\" alt=\"\" \/><\/figure><\/div>                                <div class=\"elementor-content-wrap\">\n                                    <h4 class=\"elementor-heading-title\">2015<\/h4>                                    <div class=\"elementor-content-description\"><p>Inbetriebnahme eines Guesthouse mit angeschlossener Restauration auf dem Farmgel\u00e4nde<\/p><p>Abschluss der Renovationsarbeiten an der Dorfschule<\/p><p>Gr\u00fcndung Smiling Gecko USA (SGUS)<\/p><p>\u00dcbergabe von 3 Tuk Tuk an CSC (Children Surgical Centre)<\/p><\/div>                                <\/div>\n                            <\/div>\n                        <\/div>\n                                            <div class=\"elementor-content-item column-item\" >\n                            <div class=\"elementor-content-item-inner\">\n                                <div class=\"elementor-image-framed\"><figure class=\"elementor-image-box-img elementor-image-box-img elementor-image-box-img elementor-image-box-img elementor-image-box-img elementor-image-box-img elementor-image-box-img elementor-image-box-img elementor-image-box-img elementor-image-box-img elementor-image-box-img\"><img loading=\"lazy\" decoding=\"async\" width=\"850\" height=\"580\" src=\"https:\/\/www.smilinggecko.de\/wp-content\/uploads\/2022\/08\/Landkauf-Kamboscha-Charity-850x580.jpg\" class=\"attachment-fundor-featured-image-large size-fundor-featured-image-large\" alt=\"\" \/><\/figure><\/div>                                <div class=\"elementor-content-wrap\">\n                                    <h4 class=\"elementor-heading-title\">2014<\/h4>                                    <div class=\"elementor-content-description\"><p>Bezug der ersten Farmen<\/p><p>Einsatz der ersten Tuk Tuks f\u00fcr ausgew\u00e4hlte Slum-Familien<\/p><p>Erwerb der ersten 9 Hektar Land im Samaki Meanchey District der Provinz Kamong Chhnang<\/p><p>Gr\u00fcndung Smiling Gecko Cambodia (SGC)<\/p><\/div>                                <\/div>\n                            <\/div>\n                        <\/div>\n                                            <div class=\"elementor-content-item column-item\" >\n                            <div class=\"elementor-content-item-inner\">\n                                <div class=\"elementor-image-framed\"><figure class=\"elementor-image-box-img elementor-image-box-img elementor-image-box-img elementor-image-box-img elementor-image-box-img elementor-image-box-img elementor-image-box-img elementor-image-box-img elementor-image-box-img elementor-image-box-img elementor-image-box-img elementor-image-box-img\"><img loading=\"lazy\" decoding=\"async\" width=\"850\" height=\"580\" src=\"https:\/\/www.smilinggecko.de\/wp-content\/uploads\/2022\/08\/Lebensmittelverteilung-850x580.jpg\" class=\"attachment-fundor-featured-image-large size-fundor-featured-image-large\" alt=\"\" \/><\/figure><\/div>                                <div class=\"elementor-content-wrap\">\n                                    <h4 class=\"elementor-heading-title\">2012<\/h4>                                    <div class=\"elementor-content-description\"><p>Gr\u00fcndung Smiling Gecko Schweiz (SGS)<\/p><\/div>                                <\/div>\n                            <\/div>\n                        <\/div>\n                                    <\/div>\n                            <\/div>\n            \t\t<\/div>\n\t\t\t\t<\/div>\n\t\t\t\t\t\t<\/div>\n\t\t\t\t\t<\/div>\n\t\t<\/div>\n\t\t\t\t<div class=\"elementor-column elementor-col-25 elementor-top-column elementor-element elementor-element-bcdc436\" data-id=\"bcdc436\" data-element_type=\"column\">\n\t\t\t<div class=\"elementor-column-wrap\">\n\t\t\t\t\t\t\t<div class=\"elementor-widget-wrap\">\n\t\t\t\t\t\t\t\t<\/div>\n\t\t\t\t\t<\/div>\n\t\t<\/div>\n\t\t\t\t\t\t\t\t<\/div>\n\t\t\t\t\t<\/div>\n\t\t<\/section>\n\t\t\t\t<section class=\"elementor-section elementor-top-section elementor-element elementor-element-dfd913d elementor-section-boxed elementor-section-height-default elementor-section-height-default\" data-id=\"dfd913d\" data-element_type=\"section\">\n\t\t\t\t\t\t<div class=\"elementor-container elementor-column-gap-default\">\n\t\t\t\t\t\t\t<div class=\"elementor-row\">\n\t\t\t\t\t<div class=\"elementor-column elementor-col-100 elementor-top-column elementor-element elementor-element-05be738\" data-id=\"05be738\" data-element_type=\"column\">\n\t\t\t<div class=\"elementor-column-wrap\">\n\t\t\t\t\t\t\t<div class=\"elementor-widget-wrap\">\n\t\t\t\t\t\t\t\t<\/div>\n\t\t\t\t\t<\/div>\n\t\t<\/div>\n\t\t\t\t\t\t\t\t<\/div>\n\t\t\t\t\t<\/div>\n\t\t<\/section>\n\t\t\t\t\t\t\t\t\t<\/div>\n\t\t\t<\/div>\n\t\t\t\t\t<\/div>\n\t\t","protected":false},"excerpt":{"rendered":"<p>Unsere Historie Ein Blick zur\u00fcck nach vorn In den zehn Jahren seit Gr\u00fcndung von Smiling Gecko in der Schweiz ist hier und nat\u00fcrlich vor allem in Kambodscha unglaublich viel passiert. In dem kurzen Film sowie in unserer Timeline haben wir einige der wichtigsten Ereignisse zusammengefasst. https:\/\/vimeo.com\/750277826 2024 Als bislang letztes Grossprojekt er\u00f6ffnen wir das Kulturzentrum &hellip; <span class=\"more-link-wrap\"><a href=\"https:\/\/www.smilinggecko.de\/de\/historie\/\" class=\"more-link\">Read More <span class=\"screen-reader-text\"> &#8222;Historie&#8220;<\/span><\/a><\/span><\/p>\n","protected":false},"author":3,"featured_media":0,"parent":0,"menu_order":0,"comment_status":"closed","ping_status":"closed","template":"","meta":{"om_disable_all_campaigns":false,"inline_featured_image":false,"_monsterinsights_skip_tracking":false,"_monsterinsights_sitenote_active":false,"_monsterinsights_sitenote_note":"","_monsterinsights_sitenote_category":0,"footnotes":""},"class_list":["post-6785","page","type-page","status-publish","hentry"],"acf":[],"aioseo_notices":[],"_links":{"self":[{"href":"https:\/\/www.smilinggecko.de\/de\/wp-json\/wp\/v2\/pages\/6785","targetHints":{"allow":["GET"]}}],"collection":[{"href":"https:\/\/www.smilinggecko.de\/de\/wp-json\/wp\/v2\/pages"}],"about":[{"href":"https:\/\/www.smilinggecko.de\/de\/wp-json\/wp\/v2\/types\/page"}],"author":[{"embeddable":true,"href":"https:\/\/www.smilinggecko.de\/de\/wp-json\/wp\/v2\/users\/3"}],"replies":[{"embeddable":true,"href":"https:\/\/www.smilinggecko.de\/de\/wp-json\/wp\/v2\/comments?post=6785"}],"version-history":[{"count":38,"href":"https:\/\/www.smilinggecko.de\/de\/wp-json\/wp\/v2\/pages\/6785\/revisions"}],"predecessor-version":[{"id":14900,"href":"https:\/\/www.smilinggecko.de\/de\/wp-json\/wp\/v2\/pages\/6785\/revisions\/14900"}],"wp:attachment":[{"href":"https:\/\/www.smilinggecko.de\/de\/wp-json\/wp\/v2\/media?parent=6785"}],"curies":[{"name":"wp","href":"https:\/\/api.w.org\/{rel}","templated":true}]}}