{"id":9260,"date":"2022-08-22T14:11:17","date_gmt":"2022-08-22T14:11:17","guid":{"rendered":"https:\/\/www.smilinggecko.de\/?page_id=9260"},"modified":"2022-09-01T14:30:43","modified_gmt":"2022-09-01T14:30:43","slug":"impressum","status":"publish","type":"page","link":"https:\/\/www.smilinggecko.de\/de\/impressum\/","title":{"rendered":"Impressum"},"content":{"rendered":"\t\t<div data-elementor-type=\"wp-page\" data-elementor-id=\"9260\" class=\"elementor elementor-9260\">\n\t\t\t\t\t\t<div class=\"elementor-inner\">\n\t\t\t\t<div class=\"elementor-section-wrap\">\n\t\t\t\t\t\t\t\t\t<section class=\"elementor-section elementor-top-section elementor-element elementor-element-1be8b2a4 elementor-section-boxed elementor-section-height-default elementor-section-height-default\" data-id=\"1be8b2a4\" data-element_type=\"section\">\n\t\t\t\t\t\t<div class=\"elementor-container elementor-column-gap-default\">\n\t\t\t\t\t\t\t<div class=\"elementor-row\">\n\t\t\t\t\t<div class=\"elementor-column elementor-col-100 elementor-top-column elementor-element elementor-element-5ed08702\" data-id=\"5ed08702\" data-element_type=\"column\">\n\t\t\t<div class=\"elementor-column-wrap elementor-element-populated\">\n\t\t\t\t\t\t\t<div class=\"elementor-widget-wrap\">\n\t\t\t\t\t\t<div class=\"elementor-element elementor-element-9067a37 elementor-widget elementor-widget-text-editor\" data-id=\"9067a37\" data-element_type=\"widget\" data-widget_type=\"text-editor.default\">\n\t\t\t\t<div class=\"elementor-widget-container\">\n\t\t\t        <div class=\"elementor-text-editor elementor-clearfix\"><h5><strong>Herausgeberin<\/strong><\/h5><p>Die Inhalte auf smilinggecko.ch werden herausgegeben von:<\/p><p>Verein Smiling Gecko*<br \/>Am Wasser 9 \u2013 Haus 5<br \/>8600 D\u00fcbendorf<br \/>Schweiz<\/p><p>*Ein Verein im Sinne von Artikel 60ff. des Schweizerischen Zivilgesetzbuches, ZGB.<\/p><p>Vorstandsmitglieder des Vereins sind Adrian Dudle (Co-Pr\u00e4sident), Ines P\u00f6schel (Co-Pr\u00e4sidentin), Hannes Schmid (Vizepr\u00e4sident) und Heinz W\u00e4ch (Kassier), Mathis B\u00fcttiker\u2028 (Mitglied), Thomas R. Meier\u2028 (Mitglied) und Hans Wettstein (Mitglied).<\/p><h5>Rechtliche Hinweise<\/h5><p><strong>1. Inhalte der Website<\/strong><br \/>Smiling Gecko legt grossen Wert darauf, dass die bereitgestellten Inhalte aktuell, korrekt und vollst\u00e4ndig sind. Wir k\u00f6nnen jedoch keine entsprechende Gew\u00e4hr bieten. Zudem behalten wir uns vor, Teile der Website ohne vorherige Ank\u00fcndigung zu ver\u00e4ndern oder zu l\u00f6schen sowie die Website zeitweilig oder endg\u00fcltig einzustellen. Haftungsanspr\u00fcche gegen die Autoren, welche sich auf Sch\u00e4den materieller oder ideeller Art beziehen, die durch die Nutzung oder Nichtnutzung der dargebotenen Informationen bzw. durch die Nutzung fehlerhafter und unvollst\u00e4ndiger Informationen verursacht wurden, sind grunds\u00e4tzlich ausgeschlossen, sofern seitens der Autoren kein nachweislich vors\u00e4tzliches oder grob fahrl\u00e4ssiges Verschulden vorliegt. Allf\u00e4llige Angebote sind freibleibend und unverbindlich.<\/p><p><strong>2. Copyright und Nutzungsrechte<\/strong><br \/>Die Urheber- und alle anderen Rechte an Inhalten, Bildern, Fotos oder anderen Dateien auf der Website von Smiling Gecko geh\u00f6ren ausschliesslich dem Verein oder den speziell genannten Rechteinhabern. Eine Vervielf\u00e4ltigung oder sonstige Verwendung entsprechender Inhalte, Bilder, Fotos oder weiterer Dateien (beispielsweise in anderen elektronischen oder gedruckten Publikationen) ist ohne vorherige schriftliche Zustimmung von Smiling Gecko oder den speziell genannten Rechtsinhaber nicht gestattet.<\/p><p><strong>3. Verweise und Links<\/strong><br \/>Wir sind uns der besonderen Verantwortung bei der allf\u00e4lligen direkten oder indirekten Verlinkung auf fremde Websites (\u00abHyperlinks\u00bb) bewusst. Dennoch liegen die dadurch angesteuerten Inhalte ausserhalb unseres Verantwortungsbereiches. Aus diesem Grunde lehnen wir jegliche Haftungsverpflichtung ab. Wir erkl\u00e4ren hiermit, dass zum Zeitpunkt der Linksetzung keine illegalen Inhalte auf den zu verlinkenden Seiten erkennbar waren. Auf die aktuelle und zuk\u00fcnftige Gestaltung, die Inhalte oder die Urheberschaft der gelinkten\/verkn\u00fcpften Seiten haben wir keinen Einfluss.Wir freuen uns jedoch, wenn Sie uns informieren, sollten Sie einen defekten, problematischen oder toten Link entdeckt haben.<\/p><p><strong>4. Rechtswirksamkeit und Nichtigkeitsklausel<\/strong><br \/>Die vorliegenden Bestimmungen sind Teil der Website von Smiling Gecko und setzten keine ausdr\u00fcckliche Anerkennung oder Best\u00e4tigung seitens der Besucher voraus. Sollten Teile dieser Bestimmungen geltendem Recht teilweise oder ganz widersprechen, bleiben die \u00fcbrigen Teile in ihrem Inhalt und ihrer G\u00fcltigkeit davon unber\u00fchrt.<\/p><\/div>\n        \t\t<\/div>\n\t\t\t\t<\/div>\n\t\t\t\t\t\t<\/div>\n\t\t\t\t\t<\/div>\n\t\t<\/div>\n\t\t\t\t\t\t\t\t<\/div>\n\t\t\t\t\t<\/div>\n\t\t<\/section>\n\t\t\t\t\t\t\t\t\t<\/div>\n\t\t\t<\/div>\n\t\t\t\t\t<\/div>\n\t\t","protected":false},"excerpt":{"rendered":"<p>Herausgeberin Die Inhalte auf smilinggecko.ch werden herausgegeben von: Verein Smiling Gecko*Am Wasser 9 \u2013 Haus 58600 D\u00fcbendorfSchweiz *Ein Verein im Sinne von Artikel 60ff. des Schweizerischen Zivilgesetzbuches, ZGB. Vorstandsmitglieder des Vereins sind Adrian Dudle (Co-Pr\u00e4sident), Ines P\u00f6schel (Co-Pr\u00e4sidentin), Hannes Schmid (Vizepr\u00e4sident) und Heinz W\u00e4ch (Kassier), Mathis B\u00fcttiker\u2028 (Mitglied), Thomas R. Meier\u2028 (Mitglied) und Hans Wettstein &hellip; <span class=\"more-link-wrap\"><a href=\"https:\/\/www.smilinggecko.de\/de\/impressum\/\" class=\"more-link\">Read More <span class=\"screen-reader-text\"> &#8222;Impressum&#8220;<\/span><\/a><\/span><\/p>\n","protected":false},"author":3,"featured_media":0,"parent":0,"menu_order":0,"comment_status":"closed","ping_status":"closed","template":"","meta":{"om_disable_all_campaigns":false,"inline_featured_image":false,"_monsterinsights_skip_tracking":false,"_monsterinsights_sitenote_active":false,"_monsterinsights_sitenote_note":"","_monsterinsights_sitenote_category":0,"footnotes":""},"class_list":["post-9260","page","type-page","status-publish","hentry"],"acf":[],"aioseo_notices":[],"_links":{"self":[{"href":"https:\/\/www.smilinggecko.de\/de\/wp-json\/wp\/v2\/pages\/9260","targetHints":{"allow":["GET"]}}],"collection":[{"href":"https:\/\/www.smilinggecko.de\/de\/wp-json\/wp\/v2\/pages"}],"about":[{"href":"https:\/\/www.smilinggecko.de\/de\/wp-json\/wp\/v2\/types\/page"}],"author":[{"embeddable":true,"href":"https:\/\/www.smilinggecko.de\/de\/wp-json\/wp\/v2\/users\/3"}],"replies":[{"embeddable":true,"href":"https:\/\/www.smilinggecko.de\/de\/wp-json\/wp\/v2\/comments?post=9260"}],"version-history":[{"count":6,"href":"https:\/\/www.smilinggecko.de\/de\/wp-json\/wp\/v2\/pages\/9260\/revisions"}],"predecessor-version":[{"id":10139,"href":"https:\/\/www.smilinggecko.de\/de\/wp-json\/wp\/v2\/pages\/9260\/revisions\/10139"}],"wp:attachment":[{"href":"https:\/\/www.smilinggecko.de\/de\/wp-json\/wp\/v2\/media?parent=9260"}],"curies":[{"name":"wp","href":"https:\/\/api.w.org\/{rel}","templated":true}]}}